{"id":3261,"date":"2020-11-03T18:53:33","date_gmt":"2020-11-03T15:53:33","guid":{"rendered":"https:\/\/www.dehas.com.tr\/?page_id=3261"},"modified":"2020-11-03T18:54:20","modified_gmt":"2020-11-03T15:54:20","slug":"vakum-regulatoru-nedir","status":"publish","type":"page","link":"https:\/\/www.dehas.com.tr\/medikal\/vakum-regulatoru-nedir\/","title":{"rendered":"Vakum Reg\u00fclat\u00f6r\u00fc nedir?"},"content":{"rendered":"<h2><span style=\"font-size: 12pt;\"><strong>Vakum Reg\u00fclat\u00f6r\u00fc<\/strong><\/span><\/h2>\n<p><span style=\"font-size: 12pt;\">Ayarlanabilen vakum seviyeleri ile hastaneye istenen vakumu sa\u011flayan \u00fcr\u00fcnler <strong>vakum reg\u00fclat\u00f6r\u00fc <\/strong>olarak s\u0131n\u0131fland\u0131r\u0131l\u0131yor. <\/span><span style=\"font-size: 12pt;\">T\u0131bbi cihazlar aras\u0131nda yer alan bu cihaz, vakum seviyesini hastaya uygun \u015fekilde ayarlamay\u0131 sa\u011fl\u0131yor. Reg\u00fclat\u00f6rlerin \u00fczerinde yer alan manometre vas\u0131tas\u0131 ile emme bas\u0131n\u00e7 g\u00f6r\u00fclmesi s\u00f6z konusu. 1 bara kadar bas\u0131n\u00e7 de\u011ferlerinin reg\u00fcle edilmesi sa\u011flan\u0131r. Direkt medikal gaz prizine ba\u011flanarak, i\u015flevselli\u011fi olu\u015fturulur. Krom kapl\u0131 pirin\u00e7 g\u00f6vdeli olan bu medikal \u00fcr\u00fcnler ayn\u0131 zamanda ayarlanabilen vidalara sahiptir.<\/span><\/p>\n<p><span style=\"font-size: 12pt;\"><strong><img fetchpriority=\"high\" decoding=\"async\" class=\"aligncenter wp-image-2980 size-full\" src=\"https:\/\/www.dehas.com.tr\/medikal\/wp-content\/uploads\/2020\/10\/Vakum-Regulatoru-e1603707782139.jpg\" alt=\"Vakum Reg\u00fclat\u00f6r\u00fc\" width=\"280\" height=\"335\" \/><\/strong><\/span><\/p>\n<p><span style=\"font-size: 12pt;\"><strong>Vakum Reg\u00fclat\u00f6rleri Ne \u0130\u015fe Yarar?<\/strong><\/span><\/p>\n<p><span style=\"font-size: 12pt;\">Bak\u0131ld\u0131\u011f\u0131nda <strong>t\u0131bbi cihazlar <\/strong>i\u00e7inde olan reg\u00fclat\u00f6rler i\u00e7in kullan\u0131m\u0131 nas\u0131l, ne i\u015fe yarar sorular\u0131n\u0131n soruldu\u011fu da g\u00f6r\u00fcl\u00fcr. Peki, ne i\u015fe yar\u0131yor? Hangi \u00f6zelliklere sahip? Vakup reg\u00fclat\u00f6rlerin en \u00f6nemli \u00f6zelli\u011fi ayarlanabilir vakum seviyesi olmas\u0131d\u0131r. Bu \u00f6zellik sayesinde hastaya gereken \u00f6l\u00e7\u00fcde vakumun verilmesi sa\u011flan\u0131r. \u00dczerinde ayarlanan bas\u0131n\u00e7 de\u011ferini g\u00f6rsel ile g\u00f6rmenizi sa\u011flayacak olan bir manometre de bulunur. Manometre \u00fczerinden ayarlamay\u0131 yapmak i\u00e7in sonu\u00e7 almak \u00f6nemli olacakt\u0131r.<\/span><\/p>\n<p><span style=\"font-size: 12pt;\"><strong><a href=\"https:\/\/www.dehas.com.tr\/medikal\/vakum-regulatorleri\/\" target=\"_blank\" rel=\"noopener noreferrer\">DEHAS Vakum Reg\u00fclat\u00f6rleri<\/a> \u00d6zellikleri<\/strong><\/span><\/p>\n<p><span style=\"font-size: 12pt;\"><strong>Vakum reg\u00fclat\u00f6rleri \u00e7e\u015fitleri <\/strong>aras\u0131nda yer alan \u00fcr\u00fcnler i\u00e7in inceleme yaparak se\u00e7im tamamlanabilir. Genel anlamda BS \u0130ngiliz standard\u0131 , Alman DIN standard\u0131, NF-AFNOR ise Frans\u0131z standard\u0131 olarak olu\u015fturulur.<\/span><\/p>\n<ul>\n<li><span style=\"font-size: 12pt;\"><strong>Kullan\u0131m Amac\u0131 :<\/strong> Merkezi sistem emi\u015f g\u00fcc\u00fcn\u00fc kademesiz olarak ayarlamak<\/span><\/li>\n<li><span style=\"font-size: 12pt;\"><strong>Materyal :<\/strong> Kromaj kapl\u0131 pirin\u00e7 g\u00f6vde<\/span><\/li>\n<li><span style=\"font-size: 12pt;\"><strong>Kapasite :<\/strong>0\/-1 bar 32 lt\/dak.<\/span><\/li>\n<li><span style=\"font-size: 12pt;\"><strong>Sterilizasyon :<\/strong>134 derece<\/span><\/li>\n<li><span style=\"font-size: 12pt;\"><strong>Montaj :<\/strong> Spesifik merkezi gaz sistemi soketine (prizine)<\/span><\/li>\n<li><span style=\"font-size: 12pt;\"><strong>Montaj Yeri :<\/strong> Direkt gaz soketine ya da ask\u0131 ray\u0131na montaj<\/span><\/li>\n<li><span style=\"font-size: 12pt;\"><strong>\u00c7\u0131k\u0131\u015f :<\/strong>9\/16-18 in\u00e7 UNF<\/span><\/li>\n<li><span style=\"font-size: 12pt;\"><strong>Giri\u015f Bas\u0131nc\u0131 :<\/strong> -0.9 bar<\/span><\/li>\n<li><span style=\"font-size: 12pt;\"><strong>Hassasiyet :<\/strong>-\/+%10<\/span><\/li>\n<li><span style=\"font-size: 12pt;\"><strong>Nemlendirici \u00e7\u0131k\u0131\u015f\u0131 :<\/strong>\u00a08 mm<\/span><\/li>\n<\/ul>\n<p><span style=\"font-size: 12pt;\">Her reg\u00fclat\u00f6r i\u00e7in olu\u015fturulan a\u00e7ma kapama alan\u0131 \u00fczerinden kapama sa\u011flanabilir. <strong>Reg\u00fclat\u00f6r nas\u0131l \u00e7al\u0131\u015ft\u0131r\u0131l\u0131r <\/strong>sorusunun yan\u0131t\u0131 da ayn\u0131 \u015fekilde a\u00e7ma kapama i\u015fleminin oldu\u011fu alandan yap\u0131lacakt\u0131r. Uygun gaz prizlerine ba\u011flama i\u015flemi EN Avrupa, BS \u0130ngiliz, DIN Alman, Frans\u0131z, Amerikan, \u0130talyan ya da di\u011fer abone fi\u015fleri ile ba\u011flanabilir.<\/span><\/p>\n","protected":false},"excerpt":{"rendered":"<p>Vakum Reg\u00fclat\u00f6r\u00fc Ayarlanabilen vakum seviyeleri ile hastaneye istenen vakumu sa\u011flayan \u00fcr\u00fcnler vakum reg\u00fclat\u00f6r\u00fc olarak s\u0131n\u0131fland\u0131r\u0131l\u0131yor. T\u0131bbi cihazlar aras\u0131nda yer alan bu cihaz, vakum seviyesini hastaya uygun<span class=\"excerpt-hellip\"> [\u2026]<\/span><\/p>\n","protected":false},"author":1,"featured_media":2980,"parent":0,"menu_order":0,"comment_status":"closed","ping_status":"closed","template":"","meta":{"footnotes":""},"class_list":["post-3261","page","type-page","status-publish","has-post-thumbnail","hentry"],"yoast_head":"<!-- This site is optimized with the Yoast SEO plugin v24.0 - https:\/\/yoast.com\/wordpress\/plugins\/seo\/ -->\n<title>Vakum Reg\u00fclat\u00f6r\u00fc nedir? &#8211; DEHAS\u00ae<\/title>\n<meta name=\"description\" content=\"Ayarlanabilen vakum seviyeleri ile hastaneye istenen vakumu sa\u011flayan \u00fcr\u00fcn gruplar\u0131 vakum reg\u00fclat\u00f6r\u00fc olarak s\u0131n\u0131fland\u0131r\u0131l\u0131r.\" \/>\n<meta name=\"robots\" content=\"index, follow, max-snippet:-1, max-image-preview:large, max-video-preview:-1\" \/>\n<link rel=\"canonical\" href=\"https:\/\/www.dehas.com.tr\/medikal\/vakum-regulatoru-nedir\/\" \/>\n<meta property=\"og:locale\" content=\"tr_TR\" \/>\n<meta property=\"og:type\" content=\"article\" \/>\n<meta property=\"og:title\" content=\"Vakum Reg\u00fclat\u00f6r\u00fc nedir? &#8211; DEHAS\u00ae\" \/>\n<meta property=\"og:description\" content=\"Ayarlanabilen vakum seviyeleri ile hastaneye istenen vakumu sa\u011flayan \u00fcr\u00fcn gruplar\u0131 vakum reg\u00fclat\u00f6r\u00fc olarak s\u0131n\u0131fland\u0131r\u0131l\u0131r.\" \/>\n<meta property=\"og:url\" content=\"https:\/\/www.dehas.com.tr\/medikal\/vakum-regulatoru-nedir\/\" \/>\n<meta property=\"og:site_name\" content=\"DEHAS\u00ae\" \/>\n<meta property=\"article:publisher\" content=\"https:\/\/www.facebook.com\/pages\/category\/Medical-Company\/Dehas-Medikal-Gaz-Teknik-Ltd-%c5%9eti-130664927073299\/\" \/>\n<meta property=\"article:modified_time\" content=\"2020-11-03T15:54:20+00:00\" \/>\n<meta property=\"og:image\" content=\"https:\/\/www.dehas.com.tr\/medikal\/wp-content\/uploads\/2020\/10\/Vakum-Regulatoru-e1603707782139.jpg\" \/>\n\t<meta property=\"og:image:width\" content=\"280\" \/>\n\t<meta property=\"og:image:height\" content=\"335\" \/>\n\t<meta property=\"og:image:type\" content=\"image\/jpeg\" \/>\n<meta name=\"twitter:card\" content=\"summary_large_image\" \/>\n<meta name=\"twitter:label1\" content=\"Tahmini okuma s\u00fcresi\" \/>\n\t<meta name=\"twitter:data1\" content=\"2 dakika\" \/>\n<script type=\"application\/ld+json\" class=\"yoast-schema-graph\">{\"@context\":\"https:\/\/schema.org\",\"@graph\":[{\"@type\":\"WebPage\",\"@id\":\"https:\/\/www.dehas.com.tr\/medikal\/vakum-regulatoru-nedir\/\",\"url\":\"https:\/\/www.dehas.com.tr\/medikal\/vakum-regulatoru-nedir\/\",\"name\":\"Vakum Reg\u00fclat\u00f6r\u00fc nedir? &#8211; DEHAS\u00ae\",\"isPartOf\":{\"@id\":\"https:\/\/www.dehas.com.tr\/medikal\/#website\"},\"primaryImageOfPage\":{\"@id\":\"https:\/\/www.dehas.com.tr\/medikal\/vakum-regulatoru-nedir\/#primaryimage\"},\"image\":{\"@id\":\"https:\/\/www.dehas.com.tr\/medikal\/vakum-regulatoru-nedir\/#primaryimage\"},\"thumbnailUrl\":\"https:\/\/www.dehas.com.tr\/medikal\/wp-content\/uploads\/2020\/10\/Vakum-Regulatoru-e1603707782139.jpg\",\"datePublished\":\"2020-11-03T15:53:33+00:00\",\"dateModified\":\"2020-11-03T15:54:20+00:00\",\"description\":\"Ayarlanabilen vakum seviyeleri ile hastaneye istenen vakumu sa\u011flayan \u00fcr\u00fcn gruplar\u0131 vakum reg\u00fclat\u00f6r\u00fc olarak s\u0131n\u0131fland\u0131r\u0131l\u0131r.\",\"breadcrumb\":{\"@id\":\"https:\/\/www.dehas.com.tr\/medikal\/vakum-regulatoru-nedir\/#breadcrumb\"},\"inLanguage\":\"tr\",\"potentialAction\":[{\"@type\":\"ReadAction\",\"target\":[\"https:\/\/www.dehas.com.tr\/medikal\/vakum-regulatoru-nedir\/\"]}]},{\"@type\":\"ImageObject\",\"inLanguage\":\"tr\",\"@id\":\"https:\/\/www.dehas.com.tr\/medikal\/vakum-regulatoru-nedir\/#primaryimage\",\"url\":\"https:\/\/www.dehas.com.tr\/medikal\/wp-content\/uploads\/2020\/10\/Vakum-Regulatoru-e1603707782139.jpg\",\"contentUrl\":\"https:\/\/www.dehas.com.tr\/medikal\/wp-content\/uploads\/2020\/10\/Vakum-Regulatoru-e1603707782139.jpg\",\"width\":280,\"height\":335},{\"@type\":\"BreadcrumbList\",\"@id\":\"https:\/\/www.dehas.com.tr\/medikal\/vakum-regulatoru-nedir\/#breadcrumb\",\"itemListElement\":[{\"@type\":\"ListItem\",\"position\":1,\"name\":\"Ana sayfa\",\"item\":\"https:\/\/www.dehas.com.tr\/medikal\/\"},{\"@type\":\"ListItem\",\"position\":2,\"name\":\"Vakum Reg\u00fclat\u00f6r\u00fc nedir?\"}]},{\"@type\":\"WebSite\",\"@id\":\"https:\/\/www.dehas.com.tr\/medikal\/#website\",\"url\":\"https:\/\/www.dehas.com.tr\/medikal\/\",\"name\":\"DEHAS\u00ae\",\"description\":\"\",\"publisher\":{\"@id\":\"https:\/\/www.dehas.com.tr\/medikal\/#organization\"},\"potentialAction\":[{\"@type\":\"SearchAction\",\"target\":{\"@type\":\"EntryPoint\",\"urlTemplate\":\"https:\/\/www.dehas.com.tr\/medikal\/?s={search_term_string}\"},\"query-input\":{\"@type\":\"PropertyValueSpecification\",\"valueRequired\":true,\"valueName\":\"search_term_string\"}}],\"inLanguage\":\"tr\"},{\"@type\":\"Organization\",\"@id\":\"https:\/\/www.dehas.com.tr\/medikal\/#organization\",\"name\":\"DEHAS\u00ae\",\"url\":\"https:\/\/www.dehas.com.tr\/medikal\/\",\"logo\":{\"@type\":\"ImageObject\",\"inLanguage\":\"tr\",\"@id\":\"https:\/\/www.dehas.com.tr\/medikal\/#\/schema\/logo\/image\/\",\"url\":\"https:\/\/www.dehas.com.tr\/wp-content\/uploads\/2020\/10\/logo.png\",\"contentUrl\":\"https:\/\/www.dehas.com.tr\/wp-content\/uploads\/2020\/10\/logo.png\",\"width\":200,\"height\":60,\"caption\":\"DEHAS\u00ae\"},\"image\":{\"@id\":\"https:\/\/www.dehas.com.tr\/medikal\/#\/schema\/logo\/image\/\"},\"sameAs\":[\"https:\/\/www.facebook.com\/pages\/category\/Medical-Company\/Dehas-Medikal-Gaz-Teknik-Ltd-\u015eti-130664927073299\/\",\"https:\/\/instagram.com\/dehas_medical\",\"https:\/\/www.linkedin.com\/company\/dehas-medikal\"]}]}<\/script>\n<!-- \/ Yoast SEO plugin. -->","yoast_head_json":{"title":"Vakum Reg\u00fclat\u00f6r\u00fc nedir? &#8211; DEHAS\u00ae","description":"Ayarlanabilen vakum seviyeleri ile hastaneye istenen vakumu sa\u011flayan \u00fcr\u00fcn gruplar\u0131 vakum reg\u00fclat\u00f6r\u00fc olarak s\u0131n\u0131fland\u0131r\u0131l\u0131r.","robots":{"index":"index","follow":"follow","max-snippet":"max-snippet:-1","max-image-preview":"max-image-preview:large","max-video-preview":"max-video-preview:-1"},"canonical":"https:\/\/www.dehas.com.tr\/medikal\/vakum-regulatoru-nedir\/","og_locale":"tr_TR","og_type":"article","og_title":"Vakum Reg\u00fclat\u00f6r\u00fc nedir? &#8211; DEHAS\u00ae","og_description":"Ayarlanabilen vakum seviyeleri ile hastaneye istenen vakumu sa\u011flayan \u00fcr\u00fcn gruplar\u0131 vakum reg\u00fclat\u00f6r\u00fc olarak s\u0131n\u0131fland\u0131r\u0131l\u0131r.","og_url":"https:\/\/www.dehas.com.tr\/medikal\/vakum-regulatoru-nedir\/","og_site_name":"DEHAS\u00ae","article_publisher":"https:\/\/www.facebook.com\/pages\/category\/Medical-Company\/Dehas-Medikal-Gaz-Teknik-Ltd-%c5%9eti-130664927073299\/","article_modified_time":"2020-11-03T15:54:20+00:00","og_image":[{"width":280,"height":335,"url":"https:\/\/www.dehas.com.tr\/medikal\/wp-content\/uploads\/2020\/10\/Vakum-Regulatoru-e1603707782139.jpg","type":"image\/jpeg"}],"twitter_card":"summary_large_image","twitter_misc":{"Tahmini okuma s\u00fcresi":"2 dakika"},"schema":{"@context":"https:\/\/schema.org","@graph":[{"@type":"WebPage","@id":"https:\/\/www.dehas.com.tr\/medikal\/vakum-regulatoru-nedir\/","url":"https:\/\/www.dehas.com.tr\/medikal\/vakum-regulatoru-nedir\/","name":"Vakum Reg\u00fclat\u00f6r\u00fc nedir? &#8211; DEHAS\u00ae","isPartOf":{"@id":"https:\/\/www.dehas.com.tr\/medikal\/#website"},"primaryImageOfPage":{"@id":"https:\/\/www.dehas.com.tr\/medikal\/vakum-regulatoru-nedir\/#primaryimage"},"image":{"@id":"https:\/\/www.dehas.com.tr\/medikal\/vakum-regulatoru-nedir\/#primaryimage"},"thumbnailUrl":"https:\/\/www.dehas.com.tr\/medikal\/wp-content\/uploads\/2020\/10\/Vakum-Regulatoru-e1603707782139.jpg","datePublished":"2020-11-03T15:53:33+00:00","dateModified":"2020-11-03T15:54:20+00:00","description":"Ayarlanabilen vakum seviyeleri ile hastaneye istenen vakumu sa\u011flayan \u00fcr\u00fcn gruplar\u0131 vakum reg\u00fclat\u00f6r\u00fc olarak s\u0131n\u0131fland\u0131r\u0131l\u0131r.","breadcrumb":{"@id":"https:\/\/www.dehas.com.tr\/medikal\/vakum-regulatoru-nedir\/#breadcrumb"},"inLanguage":"tr","potentialAction":[{"@type":"ReadAction","target":["https:\/\/www.dehas.com.tr\/medikal\/vakum-regulatoru-nedir\/"]}]},{"@type":"ImageObject","inLanguage":"tr","@id":"https:\/\/www.dehas.com.tr\/medikal\/vakum-regulatoru-nedir\/#primaryimage","url":"https:\/\/www.dehas.com.tr\/medikal\/wp-content\/uploads\/2020\/10\/Vakum-Regulatoru-e1603707782139.jpg","contentUrl":"https:\/\/www.dehas.com.tr\/medikal\/wp-content\/uploads\/2020\/10\/Vakum-Regulatoru-e1603707782139.jpg","width":280,"height":335},{"@type":"BreadcrumbList","@id":"https:\/\/www.dehas.com.tr\/medikal\/vakum-regulatoru-nedir\/#breadcrumb","itemListElement":[{"@type":"ListItem","position":1,"name":"Ana sayfa","item":"https:\/\/www.dehas.com.tr\/medikal\/"},{"@type":"ListItem","position":2,"name":"Vakum Reg\u00fclat\u00f6r\u00fc nedir?"}]},{"@type":"WebSite","@id":"https:\/\/www.dehas.com.tr\/medikal\/#website","url":"https:\/\/www.dehas.com.tr\/medikal\/","name":"DEHAS\u00ae","description":"","publisher":{"@id":"https:\/\/www.dehas.com.tr\/medikal\/#organization"},"potentialAction":[{"@type":"SearchAction","target":{"@type":"EntryPoint","urlTemplate":"https:\/\/www.dehas.com.tr\/medikal\/?s={search_term_string}"},"query-input":{"@type":"PropertyValueSpecification","valueRequired":true,"valueName":"search_term_string"}}],"inLanguage":"tr"},{"@type":"Organization","@id":"https:\/\/www.dehas.com.tr\/medikal\/#organization","name":"DEHAS\u00ae","url":"https:\/\/www.dehas.com.tr\/medikal\/","logo":{"@type":"ImageObject","inLanguage":"tr","@id":"https:\/\/www.dehas.com.tr\/medikal\/#\/schema\/logo\/image\/","url":"https:\/\/www.dehas.com.tr\/wp-content\/uploads\/2020\/10\/logo.png","contentUrl":"https:\/\/www.dehas.com.tr\/wp-content\/uploads\/2020\/10\/logo.png","width":200,"height":60,"caption":"DEHAS\u00ae"},"image":{"@id":"https:\/\/www.dehas.com.tr\/medikal\/#\/schema\/logo\/image\/"},"sameAs":["https:\/\/www.facebook.com\/pages\/category\/Medical-Company\/Dehas-Medikal-Gaz-Teknik-Ltd-\u015eti-130664927073299\/","https:\/\/instagram.com\/dehas_medical","https:\/\/www.linkedin.com\/company\/dehas-medikal"]}]}},"_links":{"self":[{"href":"https:\/\/www.dehas.com.tr\/medikal\/wp-json\/wp\/v2\/pages\/3261","targetHints":{"allow":["GET"]}}],"collection":[{"href":"https:\/\/www.dehas.com.tr\/medikal\/wp-json\/wp\/v2\/pages"}],"about":[{"href":"https:\/\/www.dehas.com.tr\/medikal\/wp-json\/wp\/v2\/types\/page"}],"author":[{"embeddable":true,"href":"https:\/\/www.dehas.com.tr\/medikal\/wp-json\/wp\/v2\/users\/1"}],"replies":[{"embeddable":true,"href":"https:\/\/www.dehas.com.tr\/medikal\/wp-json\/wp\/v2\/comments?post=3261"}],"version-history":[{"count":2,"href":"https:\/\/www.dehas.com.tr\/medikal\/wp-json\/wp\/v2\/pages\/3261\/revisions"}],"predecessor-version":[{"id":3263,"href":"https:\/\/www.dehas.com.tr\/medikal\/wp-json\/wp\/v2\/pages\/3261\/revisions\/3263"}],"wp:featuredmedia":[{"embeddable":true,"href":"https:\/\/www.dehas.com.tr\/medikal\/wp-json\/wp\/v2\/media\/2980"}],"wp:attachment":[{"href":"https:\/\/www.dehas.com.tr\/medikal\/wp-json\/wp\/v2\/media?parent=3261"}],"curies":[{"name":"wp","href":"https:\/\/api.w.org\/{rel}","templated":true}]}}