{"id":2839,"date":"2020-10-21T16:46:51","date_gmt":"2020-10-21T13:46:51","guid":{"rendered":"https:\/\/www.dehas.com.tr\/?page_id=2839"},"modified":"2021-10-07T14:51:17","modified_gmt":"2021-10-07T11:51:17","slug":"medikal-gaz-jaklari","status":"publish","type":"page","link":"https:\/\/www.dehas.com.tr\/medikal\/medikal-gaz-jaklari\/","title":{"rendered":"Medikal Gaz Jaklar\u0131"},"content":{"rendered":"<table style=\"border-collapse: collapse; width: 100%; height: 175px;\">\n<tbody>\n<tr style=\"height: 50px;\">\n<td style=\"width: 25%; text-align: center; background-color: #ff0000; height: 50px;\"><\/td>\n<td style=\"width: 25%; text-align: center; background-color: #ff0000; height: 50px;\"><span style=\"color: #ffffff;\"><strong>Alman (DIN) Standard\u0131<\/strong><\/span><\/td>\n<td style=\"width: 25%; text-align: center; background-color: #ff0000; height: 50px;\"><span style=\"color: #ffffff;\"><strong>\u0130ngiliz (BS) Standard\u0131<\/strong><\/span><\/td>\n<td style=\"width: 25%; text-align: center; background-color: #ff0000; height: 50px;\"><span style=\"color: #ffffff;\"><strong>Frans\u0131z (NF-AFNOR) Standard\u0131<\/strong><\/span><\/td>\n<\/tr>\n<tr style=\"height: 25px;\">\n<td style=\"width: 25%; height: 25px; text-align: left;\">Oksijen<\/td>\n<td style=\"width: 25%; height: 25px; text-align: center;\">600.001<\/td>\n<td style=\"width: 25%; height: 25px; text-align: center;\">600.011<\/td>\n<td style=\"width: 25%; height: 25px; text-align: center;\">600.021<\/td>\n<\/tr>\n<tr style=\"height: 25px;\">\n<td style=\"width: 25%; height: 25px; text-align: left;\">Vakum<\/td>\n<td style=\"width: 25%; height: 25px; text-align: center;\">600.002<\/td>\n<td style=\"width: 25%; height: 25px; text-align: center;\">600.012<\/td>\n<td style=\"width: 25%; height: 25px; text-align: center;\">600.022<\/td>\n<\/tr>\n<tr style=\"height: 25px;\">\n<td style=\"width: 25%; height: 25px; text-align: left;\">Bas\u0131n\u00e7l\u0131 Hava 5 Bar<\/td>\n<td style=\"width: 25%; height: 25px; text-align: center;\">600.003<\/td>\n<td style=\"width: 25%; height: 25px; text-align: center;\">600.013<\/td>\n<td style=\"width: 25%; height: 25px; text-align: center;\">600.023<\/td>\n<\/tr>\n<tr style=\"height: 25px;\">\n<td style=\"width: 25%; height: 25px; text-align: left;\">Azot Protoksit<\/td>\n<td style=\"width: 25%; height: 25px; text-align: center;\">600.004<\/td>\n<td style=\"width: 25%; height: 25px; text-align: center;\">600.014<\/td>\n<td style=\"width: 25%; height: 25px; text-align: center;\">600.024<\/td>\n<\/tr>\n<tr style=\"height: 25px;\">\n<td style=\"width: 25%; height: 25px; text-align: left;\">Bas\u0131n\u00e7l\u0131 Hava 7 Bar<\/td>\n<td style=\"width: 25%; height: 25px; text-align: center;\">600.005<\/td>\n<td style=\"width: 25%; height: 25px; text-align: center;\">600.015<\/td>\n<td style=\"width: 25%; height: 25px; text-align: center;\">600.025<\/td>\n<\/tr>\n<\/tbody>\n<\/table>\n","protected":false},"excerpt":{"rendered":"<p>Alman (DIN) Standard\u0131 \u0130ngiliz (BS) Standard\u0131 Frans\u0131z (NF-AFNOR) Standard\u0131 Oksijen 600.001 600.011 600.021 Vakum 600.002 600.012 600.022 Bas\u0131n\u00e7l\u0131 Hava 5 Bar 600.003 600.013 600.023 Azot Protoksit<span class=\"excerpt-hellip\"> [\u2026]<\/span><\/p>\n","protected":false},"author":1,"featured_media":0,"parent":0,"menu_order":0,"comment_status":"closed","ping_status":"closed","template":"","meta":{"footnotes":""},"class_list":["post-2839","page","type-page","status-publish","hentry"],"yoast_head":"<!-- This site is optimized with the Yoast SEO plugin v24.0 - https:\/\/yoast.com\/wordpress\/plugins\/seo\/ -->\n<title>Medikal Gaz Jaklar\u0131 &#8211; DEHAS\u00ae<\/title>\n<meta name=\"description\" content=\"Alman (DIN) Standard\u0131 \u0130ngiliz (BS) Standard\u0131 Frans\u0131z (NF-AFNOR) Standard\u0131 Oksijen 600.001 600.011 600.021 Vakum 600.002 600.012 600.022 Bas\u0131n\u00e7l\u0131 Hava 5\" \/>\n<meta name=\"robots\" content=\"index, follow, max-snippet:-1, max-image-preview:large, max-video-preview:-1\" \/>\n<link rel=\"canonical\" href=\"https:\/\/www.dehas.com.tr\/medikal\/medikal-gaz-jaklari\/\" \/>\n<meta property=\"og:locale\" content=\"tr_TR\" \/>\n<meta property=\"og:type\" content=\"article\" \/>\n<meta property=\"og:title\" content=\"Medikal Gaz Jaklar\u0131 &#8211; DEHAS\u00ae\" \/>\n<meta property=\"og:description\" content=\"Alman (DIN) Standard\u0131 \u0130ngiliz (BS) Standard\u0131 Frans\u0131z (NF-AFNOR) Standard\u0131 Oksijen 600.001 600.011 600.021 Vakum 600.002 600.012 600.022 Bas\u0131n\u00e7l\u0131 Hava 5\" \/>\n<meta property=\"og:url\" content=\"https:\/\/www.dehas.com.tr\/medikal\/medikal-gaz-jaklari\/\" \/>\n<meta property=\"og:site_name\" content=\"DEHAS\u00ae\" \/>\n<meta property=\"article:publisher\" content=\"https:\/\/www.facebook.com\/pages\/category\/Medical-Company\/Dehas-Medikal-Gaz-Teknik-Ltd-%c5%9eti-130664927073299\/\" \/>\n<meta property=\"article:modified_time\" content=\"2021-10-07T11:51:17+00:00\" \/>\n<meta name=\"twitter:card\" content=\"summary_large_image\" \/>\n<script type=\"application\/ld+json\" class=\"yoast-schema-graph\">{\"@context\":\"https:\/\/schema.org\",\"@graph\":[{\"@type\":\"WebPage\",\"@id\":\"https:\/\/www.dehas.com.tr\/medikal\/medikal-gaz-jaklari\/\",\"url\":\"https:\/\/www.dehas.com.tr\/medikal\/medikal-gaz-jaklari\/\",\"name\":\"Medikal Gaz Jaklar\u0131 &#8211; DEHAS\u00ae\",\"isPartOf\":{\"@id\":\"https:\/\/www.dehas.com.tr\/medikal\/#website\"},\"datePublished\":\"2020-10-21T13:46:51+00:00\",\"dateModified\":\"2021-10-07T11:51:17+00:00\",\"description\":\"Alman (DIN) Standard\u0131 \u0130ngiliz (BS) Standard\u0131 Frans\u0131z (NF-AFNOR) Standard\u0131 Oksijen 600.001 600.011 600.021 Vakum 600.002 600.012 600.022 Bas\u0131n\u00e7l\u0131 Hava 5\",\"breadcrumb\":{\"@id\":\"https:\/\/www.dehas.com.tr\/medikal\/medikal-gaz-jaklari\/#breadcrumb\"},\"inLanguage\":\"tr\",\"potentialAction\":[{\"@type\":\"ReadAction\",\"target\":[\"https:\/\/www.dehas.com.tr\/medikal\/medikal-gaz-jaklari\/\"]}]},{\"@type\":\"BreadcrumbList\",\"@id\":\"https:\/\/www.dehas.com.tr\/medikal\/medikal-gaz-jaklari\/#breadcrumb\",\"itemListElement\":[{\"@type\":\"ListItem\",\"position\":1,\"name\":\"Ana sayfa\",\"item\":\"https:\/\/www.dehas.com.tr\/medikal\/\"},{\"@type\":\"ListItem\",\"position\":2,\"name\":\"Medikal Gaz Jaklar\u0131\"}]},{\"@type\":\"WebSite\",\"@id\":\"https:\/\/www.dehas.com.tr\/medikal\/#website\",\"url\":\"https:\/\/www.dehas.com.tr\/medikal\/\",\"name\":\"DEHAS\u00ae\",\"description\":\"\",\"publisher\":{\"@id\":\"https:\/\/www.dehas.com.tr\/medikal\/#organization\"},\"potentialAction\":[{\"@type\":\"SearchAction\",\"target\":{\"@type\":\"EntryPoint\",\"urlTemplate\":\"https:\/\/www.dehas.com.tr\/medikal\/?s={search_term_string}\"},\"query-input\":{\"@type\":\"PropertyValueSpecification\",\"valueRequired\":true,\"valueName\":\"search_term_string\"}}],\"inLanguage\":\"tr\"},{\"@type\":\"Organization\",\"@id\":\"https:\/\/www.dehas.com.tr\/medikal\/#organization\",\"name\":\"DEHAS\u00ae\",\"url\":\"https:\/\/www.dehas.com.tr\/medikal\/\",\"logo\":{\"@type\":\"ImageObject\",\"inLanguage\":\"tr\",\"@id\":\"https:\/\/www.dehas.com.tr\/medikal\/#\/schema\/logo\/image\/\",\"url\":\"https:\/\/www.dehas.com.tr\/wp-content\/uploads\/2020\/10\/logo.png\",\"contentUrl\":\"https:\/\/www.dehas.com.tr\/wp-content\/uploads\/2020\/10\/logo.png\",\"width\":200,\"height\":60,\"caption\":\"DEHAS\u00ae\"},\"image\":{\"@id\":\"https:\/\/www.dehas.com.tr\/medikal\/#\/schema\/logo\/image\/\"},\"sameAs\":[\"https:\/\/www.facebook.com\/pages\/category\/Medical-Company\/Dehas-Medikal-Gaz-Teknik-Ltd-\u015eti-130664927073299\/\",\"https:\/\/instagram.com\/dehas_medical\",\"https:\/\/www.linkedin.com\/company\/dehas-medikal\"]}]}<\/script>\n<!-- \/ Yoast SEO plugin. -->","yoast_head_json":{"title":"Medikal Gaz Jaklar\u0131 &#8211; DEHAS\u00ae","description":"Alman (DIN) Standard\u0131 \u0130ngiliz (BS) Standard\u0131 Frans\u0131z (NF-AFNOR) Standard\u0131 Oksijen 600.001 600.011 600.021 Vakum 600.002 600.012 600.022 Bas\u0131n\u00e7l\u0131 Hava 5","robots":{"index":"index","follow":"follow","max-snippet":"max-snippet:-1","max-image-preview":"max-image-preview:large","max-video-preview":"max-video-preview:-1"},"canonical":"https:\/\/www.dehas.com.tr\/medikal\/medikal-gaz-jaklari\/","og_locale":"tr_TR","og_type":"article","og_title":"Medikal Gaz Jaklar\u0131 &#8211; DEHAS\u00ae","og_description":"Alman (DIN) Standard\u0131 \u0130ngiliz (BS) Standard\u0131 Frans\u0131z (NF-AFNOR) Standard\u0131 Oksijen 600.001 600.011 600.021 Vakum 600.002 600.012 600.022 Bas\u0131n\u00e7l\u0131 Hava 5","og_url":"https:\/\/www.dehas.com.tr\/medikal\/medikal-gaz-jaklari\/","og_site_name":"DEHAS\u00ae","article_publisher":"https:\/\/www.facebook.com\/pages\/category\/Medical-Company\/Dehas-Medikal-Gaz-Teknik-Ltd-%c5%9eti-130664927073299\/","article_modified_time":"2021-10-07T11:51:17+00:00","twitter_card":"summary_large_image","schema":{"@context":"https:\/\/schema.org","@graph":[{"@type":"WebPage","@id":"https:\/\/www.dehas.com.tr\/medikal\/medikal-gaz-jaklari\/","url":"https:\/\/www.dehas.com.tr\/medikal\/medikal-gaz-jaklari\/","name":"Medikal Gaz Jaklar\u0131 &#8211; DEHAS\u00ae","isPartOf":{"@id":"https:\/\/www.dehas.com.tr\/medikal\/#website"},"datePublished":"2020-10-21T13:46:51+00:00","dateModified":"2021-10-07T11:51:17+00:00","description":"Alman (DIN) Standard\u0131 \u0130ngiliz (BS) Standard\u0131 Frans\u0131z (NF-AFNOR) Standard\u0131 Oksijen 600.001 600.011 600.021 Vakum 600.002 600.012 600.022 Bas\u0131n\u00e7l\u0131 Hava 5","breadcrumb":{"@id":"https:\/\/www.dehas.com.tr\/medikal\/medikal-gaz-jaklari\/#breadcrumb"},"inLanguage":"tr","potentialAction":[{"@type":"ReadAction","target":["https:\/\/www.dehas.com.tr\/medikal\/medikal-gaz-jaklari\/"]}]},{"@type":"BreadcrumbList","@id":"https:\/\/www.dehas.com.tr\/medikal\/medikal-gaz-jaklari\/#breadcrumb","itemListElement":[{"@type":"ListItem","position":1,"name":"Ana sayfa","item":"https:\/\/www.dehas.com.tr\/medikal\/"},{"@type":"ListItem","position":2,"name":"Medikal Gaz Jaklar\u0131"}]},{"@type":"WebSite","@id":"https:\/\/www.dehas.com.tr\/medikal\/#website","url":"https:\/\/www.dehas.com.tr\/medikal\/","name":"DEHAS\u00ae","description":"","publisher":{"@id":"https:\/\/www.dehas.com.tr\/medikal\/#organization"},"potentialAction":[{"@type":"SearchAction","target":{"@type":"EntryPoint","urlTemplate":"https:\/\/www.dehas.com.tr\/medikal\/?s={search_term_string}"},"query-input":{"@type":"PropertyValueSpecification","valueRequired":true,"valueName":"search_term_string"}}],"inLanguage":"tr"},{"@type":"Organization","@id":"https:\/\/www.dehas.com.tr\/medikal\/#organization","name":"DEHAS\u00ae","url":"https:\/\/www.dehas.com.tr\/medikal\/","logo":{"@type":"ImageObject","inLanguage":"tr","@id":"https:\/\/www.dehas.com.tr\/medikal\/#\/schema\/logo\/image\/","url":"https:\/\/www.dehas.com.tr\/wp-content\/uploads\/2020\/10\/logo.png","contentUrl":"https:\/\/www.dehas.com.tr\/wp-content\/uploads\/2020\/10\/logo.png","width":200,"height":60,"caption":"DEHAS\u00ae"},"image":{"@id":"https:\/\/www.dehas.com.tr\/medikal\/#\/schema\/logo\/image\/"},"sameAs":["https:\/\/www.facebook.com\/pages\/category\/Medical-Company\/Dehas-Medikal-Gaz-Teknik-Ltd-\u015eti-130664927073299\/","https:\/\/instagram.com\/dehas_medical","https:\/\/www.linkedin.com\/company\/dehas-medikal"]}]}},"_links":{"self":[{"href":"https:\/\/www.dehas.com.tr\/medikal\/wp-json\/wp\/v2\/pages\/2839","targetHints":{"allow":["GET"]}}],"collection":[{"href":"https:\/\/www.dehas.com.tr\/medikal\/wp-json\/wp\/v2\/pages"}],"about":[{"href":"https:\/\/www.dehas.com.tr\/medikal\/wp-json\/wp\/v2\/types\/page"}],"author":[{"embeddable":true,"href":"https:\/\/www.dehas.com.tr\/medikal\/wp-json\/wp\/v2\/users\/1"}],"replies":[{"embeddable":true,"href":"https:\/\/www.dehas.com.tr\/medikal\/wp-json\/wp\/v2\/comments?post=2839"}],"version-history":[{"count":1,"href":"https:\/\/www.dehas.com.tr\/medikal\/wp-json\/wp\/v2\/pages\/2839\/revisions"}],"predecessor-version":[{"id":3210,"href":"https:\/\/www.dehas.com.tr\/medikal\/wp-json\/wp\/v2\/pages\/2839\/revisions\/3210"}],"wp:attachment":[{"href":"https:\/\/www.dehas.com.tr\/medikal\/wp-json\/wp\/v2\/media?parent=2839"}],"curies":[{"name":"wp","href":"https:\/\/api.w.org\/{rel}","templated":true}]}}