{"id":2811,"date":"2020-10-21T15:35:46","date_gmt":"2020-10-21T12:35:46","guid":{"rendered":"https:\/\/www.dehas.com.tr\/?page_id=2811"},"modified":"2021-10-07T14:48:48","modified_gmt":"2021-10-07T11:48:48","slug":"vakum-regulatorleri","status":"publish","type":"page","link":"https:\/\/www.dehas.com.tr\/medikal\/vakum-regulatorleri\/","title":{"rendered":"Vakum Reg\u00fclat\u00f6rleri"},"content":{"rendered":"<table style=\"border-collapse: collapse; width: 100%; height: 100px;\">\n<tbody>\n<tr style=\"height: 25px;\">\n<td style=\"width: 17.5295%; background-color: #ff0000; height: 25px;\"><\/td>\n<td style=\"width: 25.5686%; text-align: center; background-color: #ff0000; height: 25px;\"><strong><span style=\"color: #ffffff;\">Alman (DIN) Standard\u0131<\/span><\/strong><\/td>\n<td style=\"width: 22.8292%; text-align: center; background-color: #ff0000; height: 25px;\"><strong><span style=\"color: #ffffff;\">\u0130ngiliz (BS) Standard\u0131<\/span><\/strong><\/td>\n<td style=\"width: 32.9368%; text-align: center; background-color: #ff0000; height: 25px;\"><strong><span style=\"color: #ffffff;\">Frans\u0131z (NF-AFNOR) Standard\u0131<\/span><\/strong><\/td>\n<\/tr>\n<tr style=\"height: 25px;\">\n<td style=\"width: 17.5295%; text-align: left; height: 25px;\">Vakum Reg\u00fclat\u00f6rleri<\/td>\n<td style=\"width: 19.5686%; text-align: center; height: 25px;\">300.300<\/td>\n<td style=\"width: 22.8292%; text-align: center; height: 25px;\">300.301<\/td>\n<td style=\"width: 29.9368%; text-align: center; height: 25px;\">300.302<\/td>\n<\/tr>\n<tr style=\"height: 25px;\">\n<td style=\"width: 17.5295%; text-align: left; height: 25px;\">Trapl\u0131 Vakum Reg\u00fclat\u00f6rleri<\/td>\n<td style=\"width: 19.5686%; text-align: center; height: 25px;\">300.310<\/td>\n<td style=\"width: 22.8292%; text-align: center; height: 25px;\">300.320<\/td>\n<td style=\"width: 29.9368%; text-align: center; height: 25px;\">300.330<\/td>\n<\/tr>\n<tr style=\"height: 25px;\">\n<td style=\"width: 17.5295%; text-align: left; height: 25px;\">Turbo Emi\u015f Reg\u00fclat\u00f6r\u00fc<\/td>\n<td style=\"width: 19.5686%; text-align: center; height: 25px;\">300.001<\/td>\n<td style=\"width: 22.8292%; text-align: center; height: 25px;\">300.002<\/td>\n<td style=\"width: 29.9368%; text-align: center; height: 25px;\">300.003<\/td>\n<\/tr>\n<\/tbody>\n<\/table>\n","protected":false},"excerpt":{"rendered":"<p>Alman (DIN) Standard\u0131 \u0130ngiliz (BS) Standard\u0131 Frans\u0131z (NF-AFNOR) Standard\u0131 Vakum Reg\u00fclat\u00f6rleri 300.300 300.301 300.302 Trapl\u0131 Vakum Reg\u00fclat\u00f6rleri 300.310 300.320 300.330 Turbo Emi\u015f Reg\u00fclat\u00f6r\u00fc 300.001 300.002 300.003<\/p>\n","protected":false},"author":1,"featured_media":0,"parent":0,"menu_order":0,"comment_status":"closed","ping_status":"closed","template":"","meta":{"footnotes":""},"class_list":["post-2811","page","type-page","status-publish","hentry"],"yoast_head":"<!-- This site is optimized with the Yoast SEO plugin v24.0 - https:\/\/yoast.com\/wordpress\/plugins\/seo\/ -->\n<title>Vakum Reg\u00fclat\u00f6rleri &#8211; DEHAS\u00ae<\/title>\n<meta name=\"description\" content=\"Alman (DIN) Standard\u0131 \u0130ngiliz (BS) Standard\u0131 Frans\u0131z (NF-AFNOR) Standard\u0131 Vakum Reg\u00fclat\u00f6rleri 300.300 300.301 300.302 Trapl\u0131 Vakum Reg\u00fclat\u00f6rleri 300.310\" \/>\n<meta name=\"robots\" content=\"index, follow, max-snippet:-1, max-image-preview:large, max-video-preview:-1\" \/>\n<link rel=\"canonical\" href=\"https:\/\/www.dehas.com.tr\/medikal\/vakum-regulatorleri\/\" \/>\n<meta property=\"og:locale\" content=\"tr_TR\" \/>\n<meta property=\"og:type\" content=\"article\" \/>\n<meta property=\"og:title\" content=\"Vakum Reg\u00fclat\u00f6rleri &#8211; DEHAS\u00ae\" \/>\n<meta property=\"og:description\" content=\"Alman (DIN) Standard\u0131 \u0130ngiliz (BS) Standard\u0131 Frans\u0131z (NF-AFNOR) Standard\u0131 Vakum Reg\u00fclat\u00f6rleri 300.300 300.301 300.302 Trapl\u0131 Vakum Reg\u00fclat\u00f6rleri 300.310\" \/>\n<meta property=\"og:url\" content=\"https:\/\/www.dehas.com.tr\/medikal\/vakum-regulatorleri\/\" \/>\n<meta property=\"og:site_name\" content=\"DEHAS\u00ae\" \/>\n<meta property=\"article:publisher\" content=\"https:\/\/www.facebook.com\/pages\/category\/Medical-Company\/Dehas-Medikal-Gaz-Teknik-Ltd-%c5%9eti-130664927073299\/\" \/>\n<meta property=\"article:modified_time\" content=\"2021-10-07T11:48:48+00:00\" \/>\n<meta name=\"twitter:card\" content=\"summary_large_image\" \/>\n<script type=\"application\/ld+json\" class=\"yoast-schema-graph\">{\"@context\":\"https:\/\/schema.org\",\"@graph\":[{\"@type\":\"WebPage\",\"@id\":\"https:\/\/www.dehas.com.tr\/medikal\/vakum-regulatorleri\/\",\"url\":\"https:\/\/www.dehas.com.tr\/medikal\/vakum-regulatorleri\/\",\"name\":\"Vakum Reg\u00fclat\u00f6rleri &#8211; DEHAS\u00ae\",\"isPartOf\":{\"@id\":\"https:\/\/www.dehas.com.tr\/medikal\/#website\"},\"datePublished\":\"2020-10-21T12:35:46+00:00\",\"dateModified\":\"2021-10-07T11:48:48+00:00\",\"description\":\"Alman (DIN) Standard\u0131 \u0130ngiliz (BS) Standard\u0131 Frans\u0131z (NF-AFNOR) Standard\u0131 Vakum Reg\u00fclat\u00f6rleri 300.300 300.301 300.302 Trapl\u0131 Vakum Reg\u00fclat\u00f6rleri 300.310\",\"breadcrumb\":{\"@id\":\"https:\/\/www.dehas.com.tr\/medikal\/vakum-regulatorleri\/#breadcrumb\"},\"inLanguage\":\"tr\",\"potentialAction\":[{\"@type\":\"ReadAction\",\"target\":[\"https:\/\/www.dehas.com.tr\/medikal\/vakum-regulatorleri\/\"]}]},{\"@type\":\"BreadcrumbList\",\"@id\":\"https:\/\/www.dehas.com.tr\/medikal\/vakum-regulatorleri\/#breadcrumb\",\"itemListElement\":[{\"@type\":\"ListItem\",\"position\":1,\"name\":\"Ana sayfa\",\"item\":\"https:\/\/www.dehas.com.tr\/medikal\/\"},{\"@type\":\"ListItem\",\"position\":2,\"name\":\"Vakum Reg\u00fclat\u00f6rleri\"}]},{\"@type\":\"WebSite\",\"@id\":\"https:\/\/www.dehas.com.tr\/medikal\/#website\",\"url\":\"https:\/\/www.dehas.com.tr\/medikal\/\",\"name\":\"DEHAS\u00ae\",\"description\":\"\",\"publisher\":{\"@id\":\"https:\/\/www.dehas.com.tr\/medikal\/#organization\"},\"potentialAction\":[{\"@type\":\"SearchAction\",\"target\":{\"@type\":\"EntryPoint\",\"urlTemplate\":\"https:\/\/www.dehas.com.tr\/medikal\/?s={search_term_string}\"},\"query-input\":{\"@type\":\"PropertyValueSpecification\",\"valueRequired\":true,\"valueName\":\"search_term_string\"}}],\"inLanguage\":\"tr\"},{\"@type\":\"Organization\",\"@id\":\"https:\/\/www.dehas.com.tr\/medikal\/#organization\",\"name\":\"DEHAS\u00ae\",\"url\":\"https:\/\/www.dehas.com.tr\/medikal\/\",\"logo\":{\"@type\":\"ImageObject\",\"inLanguage\":\"tr\",\"@id\":\"https:\/\/www.dehas.com.tr\/medikal\/#\/schema\/logo\/image\/\",\"url\":\"https:\/\/www.dehas.com.tr\/wp-content\/uploads\/2020\/10\/logo.png\",\"contentUrl\":\"https:\/\/www.dehas.com.tr\/wp-content\/uploads\/2020\/10\/logo.png\",\"width\":200,\"height\":60,\"caption\":\"DEHAS\u00ae\"},\"image\":{\"@id\":\"https:\/\/www.dehas.com.tr\/medikal\/#\/schema\/logo\/image\/\"},\"sameAs\":[\"https:\/\/www.facebook.com\/pages\/category\/Medical-Company\/Dehas-Medikal-Gaz-Teknik-Ltd-\u015eti-130664927073299\/\",\"https:\/\/instagram.com\/dehas_medical\",\"https:\/\/www.linkedin.com\/company\/dehas-medikal\"]}]}<\/script>\n<!-- \/ Yoast SEO plugin. -->","yoast_head_json":{"title":"Vakum Reg\u00fclat\u00f6rleri &#8211; DEHAS\u00ae","description":"Alman (DIN) Standard\u0131 \u0130ngiliz (BS) Standard\u0131 Frans\u0131z (NF-AFNOR) Standard\u0131 Vakum Reg\u00fclat\u00f6rleri 300.300 300.301 300.302 Trapl\u0131 Vakum Reg\u00fclat\u00f6rleri 300.310","robots":{"index":"index","follow":"follow","max-snippet":"max-snippet:-1","max-image-preview":"max-image-preview:large","max-video-preview":"max-video-preview:-1"},"canonical":"https:\/\/www.dehas.com.tr\/medikal\/vakum-regulatorleri\/","og_locale":"tr_TR","og_type":"article","og_title":"Vakum Reg\u00fclat\u00f6rleri &#8211; DEHAS\u00ae","og_description":"Alman (DIN) Standard\u0131 \u0130ngiliz (BS) Standard\u0131 Frans\u0131z (NF-AFNOR) Standard\u0131 Vakum Reg\u00fclat\u00f6rleri 300.300 300.301 300.302 Trapl\u0131 Vakum Reg\u00fclat\u00f6rleri 300.310","og_url":"https:\/\/www.dehas.com.tr\/medikal\/vakum-regulatorleri\/","og_site_name":"DEHAS\u00ae","article_publisher":"https:\/\/www.facebook.com\/pages\/category\/Medical-Company\/Dehas-Medikal-Gaz-Teknik-Ltd-%c5%9eti-130664927073299\/","article_modified_time":"2021-10-07T11:48:48+00:00","twitter_card":"summary_large_image","schema":{"@context":"https:\/\/schema.org","@graph":[{"@type":"WebPage","@id":"https:\/\/www.dehas.com.tr\/medikal\/vakum-regulatorleri\/","url":"https:\/\/www.dehas.com.tr\/medikal\/vakum-regulatorleri\/","name":"Vakum Reg\u00fclat\u00f6rleri &#8211; DEHAS\u00ae","isPartOf":{"@id":"https:\/\/www.dehas.com.tr\/medikal\/#website"},"datePublished":"2020-10-21T12:35:46+00:00","dateModified":"2021-10-07T11:48:48+00:00","description":"Alman (DIN) Standard\u0131 \u0130ngiliz (BS) Standard\u0131 Frans\u0131z (NF-AFNOR) Standard\u0131 Vakum Reg\u00fclat\u00f6rleri 300.300 300.301 300.302 Trapl\u0131 Vakum Reg\u00fclat\u00f6rleri 300.310","breadcrumb":{"@id":"https:\/\/www.dehas.com.tr\/medikal\/vakum-regulatorleri\/#breadcrumb"},"inLanguage":"tr","potentialAction":[{"@type":"ReadAction","target":["https:\/\/www.dehas.com.tr\/medikal\/vakum-regulatorleri\/"]}]},{"@type":"BreadcrumbList","@id":"https:\/\/www.dehas.com.tr\/medikal\/vakum-regulatorleri\/#breadcrumb","itemListElement":[{"@type":"ListItem","position":1,"name":"Ana sayfa","item":"https:\/\/www.dehas.com.tr\/medikal\/"},{"@type":"ListItem","position":2,"name":"Vakum Reg\u00fclat\u00f6rleri"}]},{"@type":"WebSite","@id":"https:\/\/www.dehas.com.tr\/medikal\/#website","url":"https:\/\/www.dehas.com.tr\/medikal\/","name":"DEHAS\u00ae","description":"","publisher":{"@id":"https:\/\/www.dehas.com.tr\/medikal\/#organization"},"potentialAction":[{"@type":"SearchAction","target":{"@type":"EntryPoint","urlTemplate":"https:\/\/www.dehas.com.tr\/medikal\/?s={search_term_string}"},"query-input":{"@type":"PropertyValueSpecification","valueRequired":true,"valueName":"search_term_string"}}],"inLanguage":"tr"},{"@type":"Organization","@id":"https:\/\/www.dehas.com.tr\/medikal\/#organization","name":"DEHAS\u00ae","url":"https:\/\/www.dehas.com.tr\/medikal\/","logo":{"@type":"ImageObject","inLanguage":"tr","@id":"https:\/\/www.dehas.com.tr\/medikal\/#\/schema\/logo\/image\/","url":"https:\/\/www.dehas.com.tr\/wp-content\/uploads\/2020\/10\/logo.png","contentUrl":"https:\/\/www.dehas.com.tr\/wp-content\/uploads\/2020\/10\/logo.png","width":200,"height":60,"caption":"DEHAS\u00ae"},"image":{"@id":"https:\/\/www.dehas.com.tr\/medikal\/#\/schema\/logo\/image\/"},"sameAs":["https:\/\/www.facebook.com\/pages\/category\/Medical-Company\/Dehas-Medikal-Gaz-Teknik-Ltd-\u015eti-130664927073299\/","https:\/\/instagram.com\/dehas_medical","https:\/\/www.linkedin.com\/company\/dehas-medikal"]}]}},"_links":{"self":[{"href":"https:\/\/www.dehas.com.tr\/medikal\/wp-json\/wp\/v2\/pages\/2811","targetHints":{"allow":["GET"]}}],"collection":[{"href":"https:\/\/www.dehas.com.tr\/medikal\/wp-json\/wp\/v2\/pages"}],"about":[{"href":"https:\/\/www.dehas.com.tr\/medikal\/wp-json\/wp\/v2\/types\/page"}],"author":[{"embeddable":true,"href":"https:\/\/www.dehas.com.tr\/medikal\/wp-json\/wp\/v2\/users\/1"}],"replies":[{"embeddable":true,"href":"https:\/\/www.dehas.com.tr\/medikal\/wp-json\/wp\/v2\/comments?post=2811"}],"version-history":[{"count":1,"href":"https:\/\/www.dehas.com.tr\/medikal\/wp-json\/wp\/v2\/pages\/2811\/revisions"}],"predecessor-version":[{"id":3214,"href":"https:\/\/www.dehas.com.tr\/medikal\/wp-json\/wp\/v2\/pages\/2811\/revisions\/3214"}],"wp:attachment":[{"href":"https:\/\/www.dehas.com.tr\/medikal\/wp-json\/wp\/v2\/media?parent=2811"}],"curies":[{"name":"wp","href":"https:\/\/api.w.org\/{rel}","templated":true}]}}