{"id":2791,"date":"2020-10-21T15:10:36","date_gmt":"2020-10-21T12:10:36","guid":{"rendered":"https:\/\/www.dehas.com.tr\/?page_id=2791"},"modified":"2020-10-30T15:58:04","modified_gmt":"2020-10-30T12:58:04","slug":"medikal-gaz-santralleri","status":"publish","type":"page","link":"https:\/\/www.dehas.com.tr\/medikal\/medikal-gaz-santralleri\/","title":{"rendered":"Medikal Gaz Santralleri"},"content":{"rendered":"<h3 style=\"text-align: justify;\">Medikal Oksijen ve Azot Protoksit Santralleri<\/h3>\n<p style=\"text-align: justify;\">Merkezi gaz santral sistemleri daimi olarak t\u0131bbi gaz deste\u011fini sa\u011flamay\u0131 garanti etmektedir. Medikal gaz t\u00fcplerden y\u00fcksek bas\u0131n\u00e7la santrale girer. Y\u00fcksek bas\u0131n\u00e7 sistemde iki a\u015famada d\u00fc\u015f\u00fcr\u00fcl\u00fcr. Sa\u011f ve sol reg\u00fclat\u00f6rler bas\u0131nc\u0131 orta seviyeye d\u00fc\u015f\u00fcr\u00fcr. Sol taraftaki reg\u00fclat\u00f6r 850 kPa\u2019a sa\u011f taraftaki reg\u00fclat\u00f6r ise 750 kPa\u2019a ayarl\u0131 oldu\u011fundan sistem sa\u011fl\u0131kl\u0131 olarak \u00e7al\u0131\u015fmaktad\u0131r. Her bir bas\u0131n\u00e7 d\u00fc\u015f\u00fcr\u00fcc\u00fc, yakla\u015f\u0131k 1100 kPa bas\u0131n\u00e7ta devreye giren emniyet valfi bar\u0131nd\u0131r\u0131r.<\/p>\n<p style=\"text-align: justify;\">Orta seviyeye d\u00fc\u015f\u00fcr\u00fclen bas\u0131n\u00e7 tek bir reg\u00fclat\u00f6r ile \u015febeke bas\u0131nc\u0131 seviyesine getirilir. Acil besleme (NIST) giri\u015fi \u00e7ok ani bas\u0131n\u00e7 kay\u0131plar\u0131nda m\u00fcdahale i\u00e7in dizayn edilmi\u015ftir. B\u00f6yle bir durumda gaz destek sistemi gaz t\u00fcp\u00fcn\u00fc kullanmaya ba\u015flar.<\/p>\n<p><strong>Standartlar:<\/strong><\/p>\n<p>&#8211; DIN EN TS 737-3<br \/>\n&#8211; DIN EN TS 738-2<br \/>\n&#8211; DIN EN 13221<br \/>\n&#8211; VDE 0107<br \/>\n&#8211; DIN 477<\/p>\n<p><strong>Sipari\u015f Kodlar\u0131:<\/strong><\/p>\n<table style=\"border-collapse: collapse; width: 100%;\">\n<tbody>\n<tr>\n<th style=\"width: 16.6667%; background-color: #ff0000;\"><\/th>\n<th class=\"column-2\" style=\"width: 16.6788%; background-color: #ff0000;\"><span style=\"color: #ffffff;\">30 m3\/h<\/span><\/th>\n<th class=\"column-3\" style=\"width: 16.6788%; background-color: #ff0000;\"><span style=\"color: #ffffff;\">60 m3\/h<\/span><\/th>\n<th class=\"column-4\" style=\"width: 16.6788%; background-color: #ff0000;\"><span style=\"color: #ffffff;\">100 m3\/h<\/span><\/th>\n<th class=\"column-5\" style=\"width: 16.6062%; background-color: #ff0000;\"><span style=\"color: #ffffff;\">120 m3\/h<\/span><\/th>\n<th class=\"column-6\" style=\"width: 16.6062%; background-color: #ff0000;\"><span style=\"color: #ffffff;\">180 m3\/h<\/span><\/th>\n<\/tr>\n<tr>\n<td style=\"width: 16.6667%; text-align: left;\">Oksijen<\/td>\n<td class=\"column-2\" style=\"width: 16.6788%; text-align: center;\">900.100<\/td>\n<td class=\"column-3\" style=\"width: 16.6788%; text-align: center;\">900.200<\/td>\n<td class=\"column-4\" style=\"width: 16.6788%; text-align: center;\">900.300<\/td>\n<td class=\"column-5\" style=\"width: 16.6062%; text-align: center;\">900.400<\/td>\n<td class=\"column-6\" style=\"width: 16.6062%; text-align: center;\">900.500<\/td>\n<\/tr>\n<tr>\n<td style=\"width: 16.6667%; text-align: left;\">Azot Protoksit<\/td>\n<td class=\"column-2\" style=\"width: 16.6788%; text-align: center;\">900.150<\/td>\n<td class=\"column-3\" style=\"width: 16.6788%; text-align: center;\">900.250<\/td>\n<td class=\"column-4\" style=\"width: 16.6788%; text-align: center;\">900.350<\/td>\n<td class=\"column-5\" style=\"width: 16.6062%; text-align: center;\">900.450<\/td>\n<td class=\"column-6\" style=\"width: 16.6062%; text-align: center;\">900.550<\/td>\n<\/tr>\n<\/tbody>\n<\/table>\n<p>&nbsp;<\/p>\n<p style=\"text-align: justify;\">\u00a0 \u00a0 \u00a0 \u00a0 \u00a0 \u00a0 \u00a0 \u00a0 \u00a0 \u00a0 \u00a0 \u00a0 \u00a0 \u00a0 \u00a0 \u00a0 \u00a0 \u00a0 \u00a0 \u00a0 \u00a0 \u00a0 \u00a0 \u00a0 \u00a0 \u00a0 \u00a0 \u00a0<img fetchpriority=\"high\" decoding=\"async\" class=\"wp-image-2798 alignnone\" src=\"https:\/\/www.dehas.com.tr\/medikal\/wp-content\/uploads\/2020\/10\/Medikal-Oksijen-Santrali-Medium-e1603282703224.jpg\" alt=\"\" width=\"290\" height=\"510\" \/><img decoding=\"async\" class=\"alignnone wp-image-2799\" src=\"https:\/\/www.dehas.com.tr\/medikal\/wp-content\/uploads\/2020\/10\/Medikal-Oksijen-Santrali-2-Medium-e1603882756650.jpg\" alt=\"\" width=\"477\" height=\"490\" srcset=\"https:\/\/www.dehas.com.tr\/medikal\/wp-content\/uploads\/2020\/10\/Medikal-Oksijen-Santrali-2-Medium-e1603882756650.jpg 1349w, https:\/\/www.dehas.com.tr\/medikal\/wp-content\/uploads\/2020\/10\/Medikal-Oksijen-Santrali-2-Medium-e1603882756650-292x300.jpg 292w, https:\/\/www.dehas.com.tr\/medikal\/wp-content\/uploads\/2020\/10\/Medikal-Oksijen-Santrali-2-Medium-e1603882756650-996x1024.jpg 996w, https:\/\/www.dehas.com.tr\/medikal\/wp-content\/uploads\/2020\/10\/Medikal-Oksijen-Santrali-2-Medium-e1603882756650-768x790.jpg 768w, https:\/\/www.dehas.com.tr\/medikal\/wp-content\/uploads\/2020\/10\/Medikal-Oksijen-Santrali-2-Medium-e1603882756650-142x146.jpg 142w, https:\/\/www.dehas.com.tr\/medikal\/wp-content\/uploads\/2020\/10\/Medikal-Oksijen-Santrali-2-Medium-e1603882756650-50x50.jpg 50w, https:\/\/www.dehas.com.tr\/medikal\/wp-content\/uploads\/2020\/10\/Medikal-Oksijen-Santrali-2-Medium-e1603882756650-73x75.jpg 73w\" sizes=\"(max-width:767px) 477px, 477px\" \/><\/p>\n<h3>Medikal Vakum Santrali<\/h3>\n<p style=\"text-align: justify;\"><strong>Dehas<\/strong> Vakum Santral\u0131 Avrupa Standartlar\u0131na g\u00f6re; hesaplamalar sonucunda gerekli vakum debisi hesaplanarak sisteme 580 mm\/Hg vakum bas\u0131nc\u0131 sa\u011flayacak \u015fekilde dizayn edilmekte ve \u00fcretilmektedir. Pompalar <strong>rotatif<\/strong>, <strong>d\u00f6ner kanatl\u0131<\/strong> ya\u011f halkal\u0131 ve ya\u011fs\u0131z tip \u015feklinde imal edilebilmektedir.<\/p>\n<p style=\"text-align: justify;\">Vakum -400 ile -580 mm\/Hg bas\u0131n\u00e7 aras\u0131nda \u00e7al\u0131\u015fabilmektedir. Elektronik kontrol\u00fc sayesinde vakum kullan\u0131ld\u0131k\u00e7a ayarlanan de\u011ferlerde se\u00e7ilmi\u015f pompa otomatik olarak devreye girmektedir. \u0130stenilen vakum seviyesini sa\u011flad\u0131ktan sonra otomatik olarak devreden \u00e7\u0131kar.<\/p>\n<p><img decoding=\"async\" class=\" wp-image-2805 aligncenter\" src=\"https:\/\/www.dehas.com.tr\/medikal\/wp-content\/uploads\/2020\/10\/medikal-vakum-santrali.jpg\" alt=\"\" width=\"763\" height=\"413\" srcset=\"https:\/\/www.dehas.com.tr\/medikal\/wp-content\/uploads\/2020\/10\/medikal-vakum-santrali.jpg 680w, https:\/\/www.dehas.com.tr\/medikal\/wp-content\/uploads\/2020\/10\/medikal-vakum-santrali-300x162.jpg 300w, https:\/\/www.dehas.com.tr\/medikal\/wp-content\/uploads\/2020\/10\/medikal-vakum-santrali-260x141.jpg 260w, https:\/\/www.dehas.com.tr\/medikal\/wp-content\/uploads\/2020\/10\/medikal-vakum-santrali-50x27.jpg 50w, https:\/\/www.dehas.com.tr\/medikal\/wp-content\/uploads\/2020\/10\/medikal-vakum-santrali-139x75.jpg 139w\" sizes=\"(max-width:767px) 480px, 763px\" \/><\/p>\n<h3>Medikal Bas\u0131n\u00e7l\u0131 Hava Santrali<\/h3>\n<p><strong>Dehas<\/strong> Bas\u0131n\u00e7l\u0131 Hava Santral\u0131 Avrupa Farmakopi yasalar\u0131 esas al\u0131narak <strong>pistonlu<\/strong> veya <strong>vidal\u0131 tip<\/strong> kompres\u00f6rler olmak \u00fczere iki tip \u00fcretilmektedir. Bas\u0131n\u00e7l\u0131 hava sisteme ya\u011fs\u0131z ve kuru hava verebilecek \u015fekilde ekipmanlar ile donat\u0131lm\u0131\u015ft\u0131r.<\/p>\n<p>Sisteme lineer ak\u0131\u015f verebilmek i\u00e7in uygun kapasitede tank ve sonras\u0131nda bas\u0131n\u00e7taki nemi giderecek -46\u00b0C \u00e7i\u011flenme noktas\u0131na sahip <strong>dejenerasyonlu kurutucu<\/strong> bulunmaktad\u0131r. Kurutucu giri\u015finde ve \u00e7\u0131k\u0131\u015f\u0131nda bulunan filtreler ve <strong>316 L paslanmaz steril filtre<\/strong> sayesinde <strong>0,01 mikrona<\/strong> kadar partik\u00fcllerin sisteme giri\u015fi engellenmektedir.<\/p>\n<p><img loading=\"lazy\" decoding=\"async\" class=\" wp-image-3041 aligncenter\" src=\"https:\/\/www.dehas.com.tr\/medikal\/wp-content\/uploads\/2020\/10\/Hava-Santrali-2.jpg\" alt=\"\" width=\"764\" height=\"573\" srcset=\"https:\/\/www.dehas.com.tr\/medikal\/wp-content\/uploads\/2020\/10\/Hava-Santrali-2.jpg 675w, https:\/\/www.dehas.com.tr\/medikal\/wp-content\/uploads\/2020\/10\/Hava-Santrali-2-300x225.jpg 300w, https:\/\/www.dehas.com.tr\/medikal\/wp-content\/uploads\/2020\/10\/Hava-Santrali-2-195x146.jpg 195w, https:\/\/www.dehas.com.tr\/medikal\/wp-content\/uploads\/2020\/10\/Hava-Santrali-2-50x37.jpg 50w, https:\/\/www.dehas.com.tr\/medikal\/wp-content\/uploads\/2020\/10\/Hava-Santrali-2-100x75.jpg 100w\" sizes=\"(max-width:767px) 480px, 764px\" \/><\/p>\n<h3>Kimyasal Bas\u0131n\u00e7l\u0131 Hava Kurutucusu ve Filtreler<\/h3>\n<p><img loading=\"lazy\" decoding=\"async\" class=\"wp-image-2983 alignleft\" src=\"https:\/\/www.dehas.com.tr\/medikal\/wp-content\/uploads\/2020\/10\/Kimyasal-Basincli-Hava-Kurutucusu-ve-Filtreler.jpg\" alt=\"\" width=\"212\" height=\"529\" srcset=\"https:\/\/www.dehas.com.tr\/medikal\/wp-content\/uploads\/2020\/10\/Kimyasal-Basincli-Hava-Kurutucusu-ve-Filtreler.jpg 635w, https:\/\/www.dehas.com.tr\/medikal\/wp-content\/uploads\/2020\/10\/Kimyasal-Basincli-Hava-Kurutucusu-ve-Filtreler-120x300.jpg 120w, https:\/\/www.dehas.com.tr\/medikal\/wp-content\/uploads\/2020\/10\/Kimyasal-Basincli-Hava-Kurutucusu-ve-Filtreler-410x1024.jpg 410w, https:\/\/www.dehas.com.tr\/medikal\/wp-content\/uploads\/2020\/10\/Kimyasal-Basincli-Hava-Kurutucusu-ve-Filtreler-615x1536.jpg 615w, https:\/\/www.dehas.com.tr\/medikal\/wp-content\/uploads\/2020\/10\/Kimyasal-Basincli-Hava-Kurutucusu-ve-Filtreler-58x146.jpg 58w, https:\/\/www.dehas.com.tr\/medikal\/wp-content\/uploads\/2020\/10\/Kimyasal-Basincli-Hava-Kurutucusu-ve-Filtreler-20x50.jpg 20w, https:\/\/www.dehas.com.tr\/medikal\/wp-content\/uploads\/2020\/10\/Kimyasal-Basincli-Hava-Kurutucusu-ve-Filtreler-30x75.jpg 30w\" sizes=\"(max-width:767px) 212px, 212px\" \/><\/p>\n<p style=\"text-align: justify;\">EUDRI Bas\u0131n\u00e7l\u0131 hava kurutucular\u0131 \u00fcr\u00fcn yelpazesi &#8211; 46 derecelik \u00e7i\u011f noktalar\u0131 elde etmek maksad\u0131yla en geli\u015fmi\u015f teknoloji kullan\u0131larak bas\u0131n\u00e7l\u0131 havadan nemi gidermek amac\u0131 ile tasarlanm\u0131\u015ft\u0131r. EUDRI Kurutucu \u00fcr\u00fcnleri en az bak\u0131m gerektirecek \u015fekilde tasarlanm\u0131\u015f olup, hemen hemen her yere monte edilebilir. EUDRI Kurutucu al\u00fcminyum bir kolonla birle\u015ftirilmi\u015f bir giri\u015f ve bir \u00e7\u0131k\u0131\u015f manifoldundan olu\u015fmaktad\u0131r. Kolonda kurutucu maddeyle dolu ikiz hazneler bulunmaktad\u0131r, \u00c7al\u0131\u015ft\u0131rma s\u0131ras\u0131nda. bir hazne hatta ba\u011fl\u0131 (kurutma) \u0130ken. di\u011fer hazne Bas\u0131n\u00e7 De\u011fi\u015fimli Adsorpsiyon (BDA) prosesini kullanarak yeniden \u00fcretim yapar. Bas\u0131n\u00e7 De\u011fi\u015fimli Adsorpsiyon (BDA) Kurutucu \u00e7\u0131k\u0131\u015f ak\u0131\u015f\u0131ndan k\u00fc\u00e7\u00fck bir y\u00fczde hava al\u0131n\u0131r ve kurutulmu\u015f hava hat bas\u0131nc\u0131ndan atmosferik bas\u0131nca yay\u0131larak yeniden doymu\u015f hazne olu\u015fturmak i\u00e7in kullan\u0131l\u0131r. Bu i\u015flem s\u0131ras\u0131nda nem yeniden olu\u015fum haznesinden fiziksel olarak giderilerek egzoz susturucular\u0131 yoluyla atmosfere sal\u0131n\u0131r.<\/p>\n<p><strong>Teknik \u00d6zellikler:<\/strong><\/p>\n<p>&#8211; Tip: Is\u0131tmas\u0131z<br \/>\n&#8211; Model: EUDRI<br \/>\n&#8211; \u00c7i\u011f noktas\u0131: (-) 46 derece<br \/>\n&#8211; Hava kalitesi: ISO 8573<br \/>\n&#8211; Azami i\u015fletme bas\u0131nc\u0131: 1 3 Bar<br \/>\n&#8211; Asgari i\u015fletme bas\u0131nc\u0131: 4 Bar<br \/>\n&#8211; Azami giri\u015f s\u0131cakl\u0131\u011f\u0131: 50 derece<br \/>\n&#8211; Asgari giri\u015f s\u0131cakl\u0131\u011f\u0131: 5 derece<br \/>\n&#8211; Yeniden olu\u015fturma: Bas\u0131n\u00e7 De\u011fi\u015fimli<br \/>\n&#8211; Adsorpsiyon: BDA<br \/>\n&#8211; Standart g\u00fc\u00e7 kayna\u011f\u0131: (-\/+ 10%) 230 VAC. \/ 1 faz, 50\/60 Hz<br \/>\n&#8211; Kontroller: Elektronik Kontrol Zamanlay\u0131c\u0131s\u0131<br \/>\n&#8211; G\u00fcr\u00fclt\u00fc seviyesi: &lt; 75 dB<\/p>\n<h3 style=\"text-align: justify;\"><\/h3>\n<p>&nbsp;<\/p>\n<p>&nbsp;<\/p>\n<p>&nbsp;<\/p>\n<h3>Steril Bas\u0131n\u00e7l\u0131 Hava Filtresi<\/h3>\n<p style=\"text-align: justify;\"><img loading=\"lazy\" decoding=\"async\" class=\"wp-image-2871 alignright\" src=\"https:\/\/www.dehas.com.tr\/medikal\/wp-content\/uploads\/2020\/10\/Steril-Basincli-Hava-Filtresi-scaled-e1603650246698.jpg\" alt=\"\" width=\"146\" height=\"331\" \/><\/p>\n<p style=\"text-align: justify;\">Medikal bas\u0131n\u00e7l\u0131 (solunabilir) hava tesisat\u0131na monte edilerek bakteri ge\u00e7i\u015fini engeller. Kurutucu ve filtre grubundan sonra kullan\u0131lmas\u0131 tavsiye edilir. Hastanenin medikal hava kullan\u0131m\u0131na g\u00f6re belirli aral\u0131klarla 134 derecede sterilize edilmesi gerekmektedir.<\/p>\n<p><strong>Teknik \u00d6zellikler:<\/strong><\/p>\n<p>&#8211; Materyal: 316 L paslanmaz \u00e7elik<br \/>\n&#8211; Ba\u011flant\u0131 \u00c7ap\u0131: 1 in\u00e7<br \/>\n&#8211; Kapasite: 300 m3\/h &#8211; 7 bar<br \/>\n&#8211; Y\u00fckseklik: 280 mm<br \/>\n&#8211; Geni\u015flik \u00c7ap\u0131: 112 mm<br \/>\n&#8211; Kartu\u015f Materyali: Teflon<br \/>\n&#8211; G\u00f6zenek \u00c7ap\u0131: 0.01 mikron<br \/>\n&#8211; Sterilizasyon: 134 derece<\/p>\n<p>&nbsp;<\/p>\n<h3>Anestezik Gaz Tahliye Santrali<\/h3>\n<p><img loading=\"lazy\" decoding=\"async\" class=\"wp-image-3028 alignleft\" src=\"https:\/\/www.dehas.com.tr\/medikal\/wp-content\/uploads\/2020\/10\/Anestezik-Gaz-Tahliye-Santrali-3.jpg\" alt=\"\" width=\"310\" height=\"261\" srcset=\"https:\/\/www.dehas.com.tr\/medikal\/wp-content\/uploads\/2020\/10\/Anestezik-Gaz-Tahliye-Santrali-3.jpg 436w, https:\/\/www.dehas.com.tr\/medikal\/wp-content\/uploads\/2020\/10\/Anestezik-Gaz-Tahliye-Santrali-3-300x253.jpg 300w, https:\/\/www.dehas.com.tr\/medikal\/wp-content\/uploads\/2020\/10\/Anestezik-Gaz-Tahliye-Santrali-3-173x146.jpg 173w, https:\/\/www.dehas.com.tr\/medikal\/wp-content\/uploads\/2020\/10\/Anestezik-Gaz-Tahliye-Santrali-3-50x42.jpg 50w, https:\/\/www.dehas.com.tr\/medikal\/wp-content\/uploads\/2020\/10\/Anestezik-Gaz-Tahliye-Santrali-3-89x75.jpg 89w\" sizes=\"(max-width:767px) 310px, 310px\" \/><\/p>\n<p>&nbsp;<\/p>\n<p>Merkezi medikal gaz tesisat\u0131n\u0131n ta\u015f\u0131d\u0131\u011f\u0131 azot protoksit gaz\u0131n\u0131n hasta taraf\u0131ndan solunmas\u0131 ve kullan\u0131lmas\u0131 sonucu ortaya \u00e7\u0131kan gaz kar\u0131\u015f\u0131m\u0131n\u0131n ortamdan uzakla\u015ft\u0131r\u0131lmas\u0131n\u0131 sa\u011flayan sistemdir. Kullan\u0131m sonucunda ortaya \u00e7\u0131kan at\u0131k gaz kar\u0131\u015f\u0131m\u0131 merkezi bir motor grubu taraf\u0131ndan emilerek atmosfere at\u0131l\u0131r. Kapasite kullan\u0131lan mekan say\u0131s\u0131na g\u00f6re belirlenir.<\/p>\n","protected":false},"excerpt":{"rendered":"<p>Medikal Oksijen ve Azot Protoksit Santralleri Merkezi gaz santral sistemleri daimi olarak t\u0131bbi gaz deste\u011fini sa\u011flamay\u0131 garanti etmektedir. Medikal gaz t\u00fcplerden y\u00fcksek bas\u0131n\u00e7la santrale girer. Y\u00fcksek<span class=\"excerpt-hellip\"> [\u2026]<\/span><\/p>\n","protected":false},"author":1,"featured_media":0,"parent":0,"menu_order":0,"comment_status":"closed","ping_status":"closed","template":"","meta":{"footnotes":""},"class_list":["post-2791","page","type-page","status-publish","hentry"],"yoast_head":"<!-- This site is optimized with the Yoast SEO plugin v24.0 - https:\/\/yoast.com\/wordpress\/plugins\/seo\/ -->\n<title>Medikal Gaz Santralleri &#8211; DEHAS\u00ae<\/title>\n<meta name=\"description\" content=\"Medikal Oksijen ve Azot Protoksit Santralleri Merkezi gaz santral sistemleri daimi olarak t\u0131bbi gaz deste\u011fini sa\u011flamay\u0131 garanti etmektedir. Medikal gaz\" \/>\n<meta name=\"robots\" content=\"index, follow, max-snippet:-1, max-image-preview:large, max-video-preview:-1\" \/>\n<link rel=\"canonical\" href=\"https:\/\/www.dehas.com.tr\/medikal\/medikal-gaz-santralleri\/\" \/>\n<meta property=\"og:locale\" content=\"tr_TR\" \/>\n<meta property=\"og:type\" content=\"article\" \/>\n<meta property=\"og:title\" content=\"Medikal Gaz Santralleri &#8211; DEHAS\u00ae\" \/>\n<meta property=\"og:description\" content=\"Medikal Oksijen ve Azot Protoksit Santralleri Merkezi gaz santral sistemleri daimi olarak t\u0131bbi gaz deste\u011fini sa\u011flamay\u0131 garanti etmektedir. Medikal gaz\" \/>\n<meta property=\"og:url\" content=\"https:\/\/www.dehas.com.tr\/medikal\/medikal-gaz-santralleri\/\" \/>\n<meta property=\"og:site_name\" content=\"DEHAS\u00ae\" \/>\n<meta property=\"article:publisher\" content=\"https:\/\/www.facebook.com\/pages\/category\/Medical-Company\/Dehas-Medikal-Gaz-Teknik-Ltd-%c5%9eti-130664927073299\/\" \/>\n<meta property=\"article:modified_time\" content=\"2020-10-30T12:58:04+00:00\" \/>\n<meta property=\"og:image\" content=\"https:\/\/www.dehas.com.tr\/medikal\/wp-content\/uploads\/2020\/10\/Medikal-Oksijen-Santrali-Medium-e1603282703224.jpg\" \/>\n<meta name=\"twitter:card\" content=\"summary_large_image\" \/>\n<meta name=\"twitter:label1\" content=\"Tahmini okuma s\u00fcresi\" \/>\n\t<meta name=\"twitter:data1\" content=\"4 dakika\" \/>\n<script type=\"application\/ld+json\" class=\"yoast-schema-graph\">{\"@context\":\"https:\/\/schema.org\",\"@graph\":[{\"@type\":\"WebPage\",\"@id\":\"https:\/\/www.dehas.com.tr\/medikal\/medikal-gaz-santralleri\/\",\"url\":\"https:\/\/www.dehas.com.tr\/medikal\/medikal-gaz-santralleri\/\",\"name\":\"Medikal Gaz Santralleri &#8211; DEHAS\u00ae\",\"isPartOf\":{\"@id\":\"https:\/\/www.dehas.com.tr\/medikal\/#website\"},\"primaryImageOfPage\":{\"@id\":\"https:\/\/www.dehas.com.tr\/medikal\/medikal-gaz-santralleri\/#primaryimage\"},\"image\":{\"@id\":\"https:\/\/www.dehas.com.tr\/medikal\/medikal-gaz-santralleri\/#primaryimage\"},\"thumbnailUrl\":\"https:\/\/www.dehas.com.tr\/medikal\/wp-content\/uploads\/2020\/10\/Medikal-Oksijen-Santrali-Medium-e1603282703224.jpg\",\"datePublished\":\"2020-10-21T12:10:36+00:00\",\"dateModified\":\"2020-10-30T12:58:04+00:00\",\"description\":\"Medikal Oksijen ve Azot Protoksit Santralleri Merkezi gaz santral sistemleri daimi olarak t\u0131bbi gaz deste\u011fini sa\u011flamay\u0131 garanti etmektedir. Medikal gaz\",\"breadcrumb\":{\"@id\":\"https:\/\/www.dehas.com.tr\/medikal\/medikal-gaz-santralleri\/#breadcrumb\"},\"inLanguage\":\"tr\",\"potentialAction\":[{\"@type\":\"ReadAction\",\"target\":[\"https:\/\/www.dehas.com.tr\/medikal\/medikal-gaz-santralleri\/\"]}]},{\"@type\":\"ImageObject\",\"inLanguage\":\"tr\",\"@id\":\"https:\/\/www.dehas.com.tr\/medikal\/medikal-gaz-santralleri\/#primaryimage\",\"url\":\"https:\/\/www.dehas.com.tr\/medikal\/wp-content\/uploads\/2020\/10\/Medikal-Oksijen-Santrali-Medium-e1603282703224.jpg\",\"contentUrl\":\"https:\/\/www.dehas.com.tr\/medikal\/wp-content\/uploads\/2020\/10\/Medikal-Oksijen-Santrali-Medium-e1603282703224.jpg\",\"width\":551,\"height\":968},{\"@type\":\"BreadcrumbList\",\"@id\":\"https:\/\/www.dehas.com.tr\/medikal\/medikal-gaz-santralleri\/#breadcrumb\",\"itemListElement\":[{\"@type\":\"ListItem\",\"position\":1,\"name\":\"Ana sayfa\",\"item\":\"https:\/\/www.dehas.com.tr\/medikal\/\"},{\"@type\":\"ListItem\",\"position\":2,\"name\":\"Medikal Gaz Santralleri\"}]},{\"@type\":\"WebSite\",\"@id\":\"https:\/\/www.dehas.com.tr\/medikal\/#website\",\"url\":\"https:\/\/www.dehas.com.tr\/medikal\/\",\"name\":\"DEHAS\u00ae\",\"description\":\"\",\"publisher\":{\"@id\":\"https:\/\/www.dehas.com.tr\/medikal\/#organization\"},\"potentialAction\":[{\"@type\":\"SearchAction\",\"target\":{\"@type\":\"EntryPoint\",\"urlTemplate\":\"https:\/\/www.dehas.com.tr\/medikal\/?s={search_term_string}\"},\"query-input\":{\"@type\":\"PropertyValueSpecification\",\"valueRequired\":true,\"valueName\":\"search_term_string\"}}],\"inLanguage\":\"tr\"},{\"@type\":\"Organization\",\"@id\":\"https:\/\/www.dehas.com.tr\/medikal\/#organization\",\"name\":\"DEHAS\u00ae\",\"url\":\"https:\/\/www.dehas.com.tr\/medikal\/\",\"logo\":{\"@type\":\"ImageObject\",\"inLanguage\":\"tr\",\"@id\":\"https:\/\/www.dehas.com.tr\/medikal\/#\/schema\/logo\/image\/\",\"url\":\"https:\/\/www.dehas.com.tr\/wp-content\/uploads\/2020\/10\/logo.png\",\"contentUrl\":\"https:\/\/www.dehas.com.tr\/wp-content\/uploads\/2020\/10\/logo.png\",\"width\":200,\"height\":60,\"caption\":\"DEHAS\u00ae\"},\"image\":{\"@id\":\"https:\/\/www.dehas.com.tr\/medikal\/#\/schema\/logo\/image\/\"},\"sameAs\":[\"https:\/\/www.facebook.com\/pages\/category\/Medical-Company\/Dehas-Medikal-Gaz-Teknik-Ltd-\u015eti-130664927073299\/\",\"https:\/\/instagram.com\/dehas_medical\",\"https:\/\/www.linkedin.com\/company\/dehas-medikal\"]}]}<\/script>\n<!-- \/ Yoast SEO plugin. -->","yoast_head_json":{"title":"Medikal Gaz Santralleri &#8211; DEHAS\u00ae","description":"Medikal Oksijen ve Azot Protoksit Santralleri Merkezi gaz santral sistemleri daimi olarak t\u0131bbi gaz deste\u011fini sa\u011flamay\u0131 garanti etmektedir. Medikal gaz","robots":{"index":"index","follow":"follow","max-snippet":"max-snippet:-1","max-image-preview":"max-image-preview:large","max-video-preview":"max-video-preview:-1"},"canonical":"https:\/\/www.dehas.com.tr\/medikal\/medikal-gaz-santralleri\/","og_locale":"tr_TR","og_type":"article","og_title":"Medikal Gaz Santralleri &#8211; DEHAS\u00ae","og_description":"Medikal Oksijen ve Azot Protoksit Santralleri Merkezi gaz santral sistemleri daimi olarak t\u0131bbi gaz deste\u011fini sa\u011flamay\u0131 garanti etmektedir. Medikal gaz","og_url":"https:\/\/www.dehas.com.tr\/medikal\/medikal-gaz-santralleri\/","og_site_name":"DEHAS\u00ae","article_publisher":"https:\/\/www.facebook.com\/pages\/category\/Medical-Company\/Dehas-Medikal-Gaz-Teknik-Ltd-%c5%9eti-130664927073299\/","article_modified_time":"2020-10-30T12:58:04+00:00","og_image":[{"url":"https:\/\/www.dehas.com.tr\/medikal\/wp-content\/uploads\/2020\/10\/Medikal-Oksijen-Santrali-Medium-e1603282703224.jpg","type":"","width":"","height":""}],"twitter_card":"summary_large_image","twitter_misc":{"Tahmini okuma s\u00fcresi":"4 dakika"},"schema":{"@context":"https:\/\/schema.org","@graph":[{"@type":"WebPage","@id":"https:\/\/www.dehas.com.tr\/medikal\/medikal-gaz-santralleri\/","url":"https:\/\/www.dehas.com.tr\/medikal\/medikal-gaz-santralleri\/","name":"Medikal Gaz Santralleri &#8211; DEHAS\u00ae","isPartOf":{"@id":"https:\/\/www.dehas.com.tr\/medikal\/#website"},"primaryImageOfPage":{"@id":"https:\/\/www.dehas.com.tr\/medikal\/medikal-gaz-santralleri\/#primaryimage"},"image":{"@id":"https:\/\/www.dehas.com.tr\/medikal\/medikal-gaz-santralleri\/#primaryimage"},"thumbnailUrl":"https:\/\/www.dehas.com.tr\/medikal\/wp-content\/uploads\/2020\/10\/Medikal-Oksijen-Santrali-Medium-e1603282703224.jpg","datePublished":"2020-10-21T12:10:36+00:00","dateModified":"2020-10-30T12:58:04+00:00","description":"Medikal Oksijen ve Azot Protoksit Santralleri Merkezi gaz santral sistemleri daimi olarak t\u0131bbi gaz deste\u011fini sa\u011flamay\u0131 garanti etmektedir. Medikal gaz","breadcrumb":{"@id":"https:\/\/www.dehas.com.tr\/medikal\/medikal-gaz-santralleri\/#breadcrumb"},"inLanguage":"tr","potentialAction":[{"@type":"ReadAction","target":["https:\/\/www.dehas.com.tr\/medikal\/medikal-gaz-santralleri\/"]}]},{"@type":"ImageObject","inLanguage":"tr","@id":"https:\/\/www.dehas.com.tr\/medikal\/medikal-gaz-santralleri\/#primaryimage","url":"https:\/\/www.dehas.com.tr\/medikal\/wp-content\/uploads\/2020\/10\/Medikal-Oksijen-Santrali-Medium-e1603282703224.jpg","contentUrl":"https:\/\/www.dehas.com.tr\/medikal\/wp-content\/uploads\/2020\/10\/Medikal-Oksijen-Santrali-Medium-e1603282703224.jpg","width":551,"height":968},{"@type":"BreadcrumbList","@id":"https:\/\/www.dehas.com.tr\/medikal\/medikal-gaz-santralleri\/#breadcrumb","itemListElement":[{"@type":"ListItem","position":1,"name":"Ana sayfa","item":"https:\/\/www.dehas.com.tr\/medikal\/"},{"@type":"ListItem","position":2,"name":"Medikal Gaz Santralleri"}]},{"@type":"WebSite","@id":"https:\/\/www.dehas.com.tr\/medikal\/#website","url":"https:\/\/www.dehas.com.tr\/medikal\/","name":"DEHAS\u00ae","description":"","publisher":{"@id":"https:\/\/www.dehas.com.tr\/medikal\/#organization"},"potentialAction":[{"@type":"SearchAction","target":{"@type":"EntryPoint","urlTemplate":"https:\/\/www.dehas.com.tr\/medikal\/?s={search_term_string}"},"query-input":{"@type":"PropertyValueSpecification","valueRequired":true,"valueName":"search_term_string"}}],"inLanguage":"tr"},{"@type":"Organization","@id":"https:\/\/www.dehas.com.tr\/medikal\/#organization","name":"DEHAS\u00ae","url":"https:\/\/www.dehas.com.tr\/medikal\/","logo":{"@type":"ImageObject","inLanguage":"tr","@id":"https:\/\/www.dehas.com.tr\/medikal\/#\/schema\/logo\/image\/","url":"https:\/\/www.dehas.com.tr\/wp-content\/uploads\/2020\/10\/logo.png","contentUrl":"https:\/\/www.dehas.com.tr\/wp-content\/uploads\/2020\/10\/logo.png","width":200,"height":60,"caption":"DEHAS\u00ae"},"image":{"@id":"https:\/\/www.dehas.com.tr\/medikal\/#\/schema\/logo\/image\/"},"sameAs":["https:\/\/www.facebook.com\/pages\/category\/Medical-Company\/Dehas-Medikal-Gaz-Teknik-Ltd-\u015eti-130664927073299\/","https:\/\/instagram.com\/dehas_medical","https:\/\/www.linkedin.com\/company\/dehas-medikal"]}]}},"_links":{"self":[{"href":"https:\/\/www.dehas.com.tr\/medikal\/wp-json\/wp\/v2\/pages\/2791","targetHints":{"allow":["GET"]}}],"collection":[{"href":"https:\/\/www.dehas.com.tr\/medikal\/wp-json\/wp\/v2\/pages"}],"about":[{"href":"https:\/\/www.dehas.com.tr\/medikal\/wp-json\/wp\/v2\/types\/page"}],"author":[{"embeddable":true,"href":"https:\/\/www.dehas.com.tr\/medikal\/wp-json\/wp\/v2\/users\/1"}],"replies":[{"embeddable":true,"href":"https:\/\/www.dehas.com.tr\/medikal\/wp-json\/wp\/v2\/comments?post=2791"}],"version-history":[{"count":0,"href":"https:\/\/www.dehas.com.tr\/medikal\/wp-json\/wp\/v2\/pages\/2791\/revisions"}],"wp:attachment":[{"href":"https:\/\/www.dehas.com.tr\/medikal\/wp-json\/wp\/v2\/media?parent=2791"}],"curies":[{"name":"wp","href":"https:\/\/api.w.org\/{rel}","templated":true}]}}