{"id":2665,"date":"2020-10-16T13:01:22","date_gmt":"2020-10-16T10:01:22","guid":{"rendered":"https:\/\/www.dehas.com.tr\/?page_id=2665"},"modified":"2021-10-07T14:37:20","modified_gmt":"2021-10-07T11:37:20","slug":"atik-gaz-tahliye-sistemi","status":"publish","type":"page","link":"https:\/\/www.dehas.com.tr\/medikal\/atik-gaz-tahliye-sistemi\/","title":{"rendered":"At\u0131k Gaz Tahliye Sistemi"},"content":{"rendered":"","protected":false},"excerpt":{"rendered":"","protected":false},"author":1,"featured_media":0,"parent":0,"menu_order":0,"comment_status":"closed","ping_status":"closed","template":"","meta":{"footnotes":""},"class_list":["post-2665","page","type-page","status-publish","hentry"],"yoast_head":"<!-- This site is optimized with the Yoast SEO plugin v24.0 - https:\/\/yoast.com\/wordpress\/plugins\/seo\/ -->\n<title>At\u0131k Gaz Tahliye Sistemi &#8211; DEHAS\u00ae<\/title>\n<meta name=\"description\" content=\"At\u0131k Gaz Tahliye Sistemi, ameliyat veya di\u011fer narkoz gaz\u0131 kullan\u0131lan mekanlarda ortaya \u00e7\u0131kan gaz\u0131n emilmesi i\u00e7in metalden tasarlanm\u0131\u015ft\u0131r.\" \/>\n<meta name=\"robots\" content=\"index, follow, max-snippet:-1, max-image-preview:large, max-video-preview:-1\" \/>\n<link rel=\"canonical\" href=\"https:\/\/www.dehas.com.tr\/medikal\/atik-gaz-tahliye-sistemi\/\" \/>\n<meta property=\"og:locale\" content=\"tr_TR\" \/>\n<meta property=\"og:type\" content=\"article\" \/>\n<meta property=\"og:title\" content=\"At\u0131k Gaz Tahliye Sistemi &#8211; DEHAS\u00ae\" \/>\n<meta property=\"og:description\" content=\"At\u0131k Gaz Tahliye Sistemi, ameliyat veya di\u011fer narkoz gaz\u0131 kullan\u0131lan mekanlarda ortaya \u00e7\u0131kan gaz\u0131n emilmesi i\u00e7in metalden tasarlanm\u0131\u015ft\u0131r.\" \/>\n<meta property=\"og:url\" content=\"https:\/\/www.dehas.com.tr\/medikal\/atik-gaz-tahliye-sistemi\/\" \/>\n<meta property=\"og:site_name\" content=\"DEHAS\u00ae\" \/>\n<meta property=\"article:publisher\" content=\"https:\/\/www.facebook.com\/pages\/category\/Medical-Company\/Dehas-Medikal-Gaz-Teknik-Ltd-%c5%9eti-130664927073299\/\" \/>\n<meta property=\"article:modified_time\" content=\"2021-10-07T11:37:20+00:00\" \/>\n<meta name=\"twitter:card\" content=\"summary_large_image\" \/>\n<script type=\"application\/ld+json\" class=\"yoast-schema-graph\">{\"@context\":\"https:\/\/schema.org\",\"@graph\":[{\"@type\":\"WebPage\",\"@id\":\"https:\/\/www.dehas.com.tr\/medikal\/atik-gaz-tahliye-sistemi\/\",\"url\":\"https:\/\/www.dehas.com.tr\/medikal\/atik-gaz-tahliye-sistemi\/\",\"name\":\"At\u0131k Gaz Tahliye Sistemi &#8211; DEHAS\u00ae\",\"isPartOf\":{\"@id\":\"https:\/\/www.dehas.com.tr\/medikal\/#website\"},\"datePublished\":\"2020-10-16T10:01:22+00:00\",\"dateModified\":\"2021-10-07T11:37:20+00:00\",\"description\":\"At\u0131k Gaz Tahliye Sistemi, ameliyat veya di\u011fer narkoz gaz\u0131 kullan\u0131lan mekanlarda ortaya \u00e7\u0131kan gaz\u0131n emilmesi i\u00e7in metalden tasarlanm\u0131\u015ft\u0131r.\",\"breadcrumb\":{\"@id\":\"https:\/\/www.dehas.com.tr\/medikal\/atik-gaz-tahliye-sistemi\/#breadcrumb\"},\"inLanguage\":\"tr\",\"potentialAction\":[{\"@type\":\"ReadAction\",\"target\":[\"https:\/\/www.dehas.com.tr\/medikal\/atik-gaz-tahliye-sistemi\/\"]}]},{\"@type\":\"BreadcrumbList\",\"@id\":\"https:\/\/www.dehas.com.tr\/medikal\/atik-gaz-tahliye-sistemi\/#breadcrumb\",\"itemListElement\":[{\"@type\":\"ListItem\",\"position\":1,\"name\":\"Ana sayfa\",\"item\":\"https:\/\/www.dehas.com.tr\/medikal\/\"},{\"@type\":\"ListItem\",\"position\":2,\"name\":\"At\u0131k Gaz Tahliye Sistemi\"}]},{\"@type\":\"WebSite\",\"@id\":\"https:\/\/www.dehas.com.tr\/medikal\/#website\",\"url\":\"https:\/\/www.dehas.com.tr\/medikal\/\",\"name\":\"DEHAS\u00ae\",\"description\":\"\",\"publisher\":{\"@id\":\"https:\/\/www.dehas.com.tr\/medikal\/#organization\"},\"potentialAction\":[{\"@type\":\"SearchAction\",\"target\":{\"@type\":\"EntryPoint\",\"urlTemplate\":\"https:\/\/www.dehas.com.tr\/medikal\/?s={search_term_string}\"},\"query-input\":{\"@type\":\"PropertyValueSpecification\",\"valueRequired\":true,\"valueName\":\"search_term_string\"}}],\"inLanguage\":\"tr\"},{\"@type\":\"Organization\",\"@id\":\"https:\/\/www.dehas.com.tr\/medikal\/#organization\",\"name\":\"DEHAS\u00ae\",\"url\":\"https:\/\/www.dehas.com.tr\/medikal\/\",\"logo\":{\"@type\":\"ImageObject\",\"inLanguage\":\"tr\",\"@id\":\"https:\/\/www.dehas.com.tr\/medikal\/#\/schema\/logo\/image\/\",\"url\":\"https:\/\/www.dehas.com.tr\/wp-content\/uploads\/2020\/10\/logo.png\",\"contentUrl\":\"https:\/\/www.dehas.com.tr\/wp-content\/uploads\/2020\/10\/logo.png\",\"width\":200,\"height\":60,\"caption\":\"DEHAS\u00ae\"},\"image\":{\"@id\":\"https:\/\/www.dehas.com.tr\/medikal\/#\/schema\/logo\/image\/\"},\"sameAs\":[\"https:\/\/www.facebook.com\/pages\/category\/Medical-Company\/Dehas-Medikal-Gaz-Teknik-Ltd-\u015eti-130664927073299\/\",\"https:\/\/instagram.com\/dehas_medical\",\"https:\/\/www.linkedin.com\/company\/dehas-medikal\"]}]}<\/script>\n<!-- \/ Yoast SEO plugin. -->","yoast_head_json":{"title":"At\u0131k Gaz Tahliye Sistemi &#8211; DEHAS\u00ae","description":"At\u0131k Gaz Tahliye Sistemi, ameliyat veya di\u011fer narkoz gaz\u0131 kullan\u0131lan mekanlarda ortaya \u00e7\u0131kan gaz\u0131n emilmesi i\u00e7in metalden tasarlanm\u0131\u015ft\u0131r.","robots":{"index":"index","follow":"follow","max-snippet":"max-snippet:-1","max-image-preview":"max-image-preview:large","max-video-preview":"max-video-preview:-1"},"canonical":"https:\/\/www.dehas.com.tr\/medikal\/atik-gaz-tahliye-sistemi\/","og_locale":"tr_TR","og_type":"article","og_title":"At\u0131k Gaz Tahliye Sistemi &#8211; DEHAS\u00ae","og_description":"At\u0131k Gaz Tahliye Sistemi, ameliyat veya di\u011fer narkoz gaz\u0131 kullan\u0131lan mekanlarda ortaya \u00e7\u0131kan gaz\u0131n emilmesi i\u00e7in metalden tasarlanm\u0131\u015ft\u0131r.","og_url":"https:\/\/www.dehas.com.tr\/medikal\/atik-gaz-tahliye-sistemi\/","og_site_name":"DEHAS\u00ae","article_publisher":"https:\/\/www.facebook.com\/pages\/category\/Medical-Company\/Dehas-Medikal-Gaz-Teknik-Ltd-%c5%9eti-130664927073299\/","article_modified_time":"2021-10-07T11:37:20+00:00","twitter_card":"summary_large_image","schema":{"@context":"https:\/\/schema.org","@graph":[{"@type":"WebPage","@id":"https:\/\/www.dehas.com.tr\/medikal\/atik-gaz-tahliye-sistemi\/","url":"https:\/\/www.dehas.com.tr\/medikal\/atik-gaz-tahliye-sistemi\/","name":"At\u0131k Gaz Tahliye Sistemi &#8211; DEHAS\u00ae","isPartOf":{"@id":"https:\/\/www.dehas.com.tr\/medikal\/#website"},"datePublished":"2020-10-16T10:01:22+00:00","dateModified":"2021-10-07T11:37:20+00:00","description":"At\u0131k Gaz Tahliye Sistemi, ameliyat veya di\u011fer narkoz gaz\u0131 kullan\u0131lan mekanlarda ortaya \u00e7\u0131kan gaz\u0131n emilmesi i\u00e7in metalden tasarlanm\u0131\u015ft\u0131r.","breadcrumb":{"@id":"https:\/\/www.dehas.com.tr\/medikal\/atik-gaz-tahliye-sistemi\/#breadcrumb"},"inLanguage":"tr","potentialAction":[{"@type":"ReadAction","target":["https:\/\/www.dehas.com.tr\/medikal\/atik-gaz-tahliye-sistemi\/"]}]},{"@type":"BreadcrumbList","@id":"https:\/\/www.dehas.com.tr\/medikal\/atik-gaz-tahliye-sistemi\/#breadcrumb","itemListElement":[{"@type":"ListItem","position":1,"name":"Ana sayfa","item":"https:\/\/www.dehas.com.tr\/medikal\/"},{"@type":"ListItem","position":2,"name":"At\u0131k Gaz Tahliye Sistemi"}]},{"@type":"WebSite","@id":"https:\/\/www.dehas.com.tr\/medikal\/#website","url":"https:\/\/www.dehas.com.tr\/medikal\/","name":"DEHAS\u00ae","description":"","publisher":{"@id":"https:\/\/www.dehas.com.tr\/medikal\/#organization"},"potentialAction":[{"@type":"SearchAction","target":{"@type":"EntryPoint","urlTemplate":"https:\/\/www.dehas.com.tr\/medikal\/?s={search_term_string}"},"query-input":{"@type":"PropertyValueSpecification","valueRequired":true,"valueName":"search_term_string"}}],"inLanguage":"tr"},{"@type":"Organization","@id":"https:\/\/www.dehas.com.tr\/medikal\/#organization","name":"DEHAS\u00ae","url":"https:\/\/www.dehas.com.tr\/medikal\/","logo":{"@type":"ImageObject","inLanguage":"tr","@id":"https:\/\/www.dehas.com.tr\/medikal\/#\/schema\/logo\/image\/","url":"https:\/\/www.dehas.com.tr\/wp-content\/uploads\/2020\/10\/logo.png","contentUrl":"https:\/\/www.dehas.com.tr\/wp-content\/uploads\/2020\/10\/logo.png","width":200,"height":60,"caption":"DEHAS\u00ae"},"image":{"@id":"https:\/\/www.dehas.com.tr\/medikal\/#\/schema\/logo\/image\/"},"sameAs":["https:\/\/www.facebook.com\/pages\/category\/Medical-Company\/Dehas-Medikal-Gaz-Teknik-Ltd-\u015eti-130664927073299\/","https:\/\/instagram.com\/dehas_medical","https:\/\/www.linkedin.com\/company\/dehas-medikal"]}]}},"_links":{"self":[{"href":"https:\/\/www.dehas.com.tr\/medikal\/wp-json\/wp\/v2\/pages\/2665","targetHints":{"allow":["GET"]}}],"collection":[{"href":"https:\/\/www.dehas.com.tr\/medikal\/wp-json\/wp\/v2\/pages"}],"about":[{"href":"https:\/\/www.dehas.com.tr\/medikal\/wp-json\/wp\/v2\/types\/page"}],"author":[{"embeddable":true,"href":"https:\/\/www.dehas.com.tr\/medikal\/wp-json\/wp\/v2\/users\/1"}],"replies":[{"embeddable":true,"href":"https:\/\/www.dehas.com.tr\/medikal\/wp-json\/wp\/v2\/comments?post=2665"}],"version-history":[{"count":3,"href":"https:\/\/www.dehas.com.tr\/medikal\/wp-json\/wp\/v2\/pages\/2665\/revisions"}],"predecessor-version":[{"id":3250,"href":"https:\/\/www.dehas.com.tr\/medikal\/wp-json\/wp\/v2\/pages\/2665\/revisions\/3250"}],"wp:attachment":[{"href":"https:\/\/www.dehas.com.tr\/medikal\/wp-json\/wp\/v2\/media?parent=2665"}],"curies":[{"name":"wp","href":"https:\/\/api.w.org\/{rel}","templated":true}]}}