{"id":2507,"date":"2020-10-10T20:14:59","date_gmt":"2020-10-10T17:14:59","guid":{"rendered":"https:\/\/www.dehas.com.tr\/?page_id=2507"},"modified":"2021-10-07T14:56:00","modified_gmt":"2021-10-07T11:56:00","slug":"medikal-gaz-prizleri","status":"publish","type":"page","link":"https:\/\/www.dehas.com.tr\/medikal\/medikal-gaz-prizleri\/","title":{"rendered":"Medikal Gaz Prizleri"},"content":{"rendered":"<table style=\"border-collapse: collapse; width: 100.87%; height: 800px;\">\n<tbody>\n<tr style=\"height: 50px;\">\n<td style=\"width: 25%; height: 50px; text-align: center; background-color: #ff0000;\"><\/td>\n<td style=\"width: 25%; height: 50px; text-align: center; background-color: #ff0000;\"><span style=\"color: #ffffff;\"><strong>Alman (DIN) Standard\u0131<\/strong><\/span><\/td>\n<td style=\"width: 25%; height: 50px; text-align: center; background-color: #ff0000;\"><span style=\"color: #ffffff;\"><strong>\u0130ngiliz (BS) Standard\u0131<\/strong><\/span><\/td>\n<td style=\"width: 25.9412%; height: 50px; text-align: center; background-color: #ff0000;\"><span style=\"color: #ffffff;\"><strong>Frans\u0131z (NF-AFNOR) Standard\u0131<\/strong><\/span><\/td>\n<\/tr>\n<tr style=\"height: 25px;\">\n<td style=\"width: 100.941%; height: 25px; text-align: left;\" colspan=\"4\"><strong>Pendanta Monte<\/strong><\/td>\n<\/tr>\n<tr style=\"height: 25px;\">\n<td style=\"width: 25%; height: 25px; text-align: left;\">Oksijen<\/td>\n<td style=\"width: 25%; height: 25px; text-align: center;\" width=\"191\">800.001<\/td>\n<td style=\"width: 25%; height: 25px; text-align: center;\" width=\"178\">801.011<\/td>\n<td style=\"width: 25.9412%; height: 25px; text-align: center;\" width=\"189\">802.021<\/td>\n<\/tr>\n<tr style=\"height: 25px;\">\n<td style=\"width: 25%; height: 25px; text-align: left;\">Bas\u0131n\u00e7l\u0131 Hava 5 Bar<\/td>\n<td style=\"width: 25%; height: 25px; text-align: center;\" width=\"191\">800.002<\/td>\n<td style=\"width: 25%; height: 25px; text-align: center;\" width=\"178\">801.012<\/td>\n<td style=\"width: 25.9412%; height: 25px; text-align: center;\" width=\"189\">802.022<\/td>\n<\/tr>\n<tr style=\"height: 25px;\">\n<td style=\"width: 25%; height: 25px; text-align: left;\">Bas\u0131n\u00e7l\u0131 Hava 7 Bar<\/td>\n<td style=\"width: 25%; height: 25px; text-align: center;\" width=\"191\">800.003<\/td>\n<td style=\"width: 25%; height: 25px; text-align: center;\" width=\"178\">801.013<\/td>\n<td style=\"width: 25.9412%; height: 25px; text-align: center;\" width=\"189\">802.023<\/td>\n<\/tr>\n<tr style=\"height: 25px;\">\n<td style=\"width: 25%; height: 25px; text-align: left;\">Vakum<\/td>\n<td style=\"width: 25%; height: 25px; text-align: center;\" width=\"191\">800.004<\/td>\n<td style=\"width: 25%; height: 25px; text-align: center;\" width=\"178\">801.014<\/td>\n<td style=\"width: 25.9412%; height: 25px; text-align: center;\" width=\"189\">802.024<\/td>\n<\/tr>\n<tr style=\"height: 25px;\">\n<td style=\"width: 25%; height: 25px; text-align: left;\">Azot Protoksit<\/td>\n<td style=\"width: 25%; height: 25px; text-align: center;\" width=\"191\">800.005<\/td>\n<td style=\"width: 25%; height: 25px; text-align: center;\" width=\"178\">801.015<\/td>\n<td style=\"width: 25.9412%; height: 25px; text-align: center;\" width=\"189\">802.025<\/td>\n<\/tr>\n<tr style=\"height: 25px;\">\n<td style=\"width: 100.941%; height: 25px; text-align: left;\" colspan=\"4\"><strong>Al\u00e7\u0131pana Monte<\/strong><\/td>\n<\/tr>\n<tr style=\"height: 25px;\">\n<td style=\"width: 25%; height: 25px; text-align: left;\">Oksijen<\/td>\n<td style=\"width: 25%; height: 25px; text-align: center;\" width=\"191\">800.010<\/td>\n<td style=\"width: 25%; height: 25px; text-align: center;\" width=\"178\">801.020<\/td>\n<td style=\"width: 25.9412%; height: 25px; text-align: center;\" width=\"189\">802.030<\/td>\n<\/tr>\n<tr style=\"height: 25px;\">\n<td style=\"width: 25%; height: 25px; text-align: left;\">Bas\u0131n\u00e7l\u0131 Hava 5 Bar<\/td>\n<td style=\"width: 25%; height: 25px; text-align: center;\" width=\"191\">800.011<\/td>\n<td style=\"width: 25%; height: 25px; text-align: center;\" width=\"178\">801.021<\/td>\n<td style=\"width: 25.9412%; height: 25px; text-align: center;\" width=\"189\">802.031<\/td>\n<\/tr>\n<tr style=\"height: 25px;\">\n<td style=\"width: 25%; height: 25px; text-align: left;\">Bas\u0131n\u00e7l\u0131 Hava 7 Bar<\/td>\n<td style=\"width: 25%; height: 25px; text-align: center;\" width=\"191\">800.012<\/td>\n<td style=\"width: 25%; height: 25px; text-align: center;\" width=\"178\">801.022<\/td>\n<td style=\"width: 25.9412%; height: 25px; text-align: center;\" width=\"189\">802.032<\/td>\n<\/tr>\n<tr style=\"height: 25px;\">\n<td style=\"width: 25%; height: 25px; text-align: left;\">Vakum<\/td>\n<td style=\"width: 25%; height: 25px; text-align: center;\" width=\"191\">800.013<\/td>\n<td style=\"width: 25%; height: 25px; text-align: center;\" width=\"178\">801.023<\/td>\n<td style=\"width: 25.9412%; height: 25px; text-align: center;\" width=\"189\">802.033<\/td>\n<\/tr>\n<tr style=\"height: 25px;\">\n<td style=\"width: 25%; height: 25px; text-align: left;\">Azot Protoksit<\/td>\n<td style=\"width: 25%; height: 25px; text-align: center;\" width=\"191\">800.014<\/td>\n<td style=\"width: 25%; height: 25px; text-align: center;\" width=\"178\">801.024<\/td>\n<td style=\"width: 25.9412%; height: 25px; text-align: center;\" width=\"189\">802.034<\/td>\n<\/tr>\n<tr style=\"height: 25px;\">\n<td style=\"width: 100.941%; height: 25px; text-align: left;\" colspan=\"4\"><strong>S\u0131va \u00dcst\u00fc<\/strong><\/td>\n<\/tr>\n<tr style=\"height: 25px;\">\n<td style=\"width: 25%; height: 25px; text-align: left;\">Oksijen<\/td>\n<td style=\"width: 25%; height: 25px; text-align: center;\" width=\"191\">800.015<\/td>\n<td style=\"width: 25%; height: 25px; text-align: center;\" width=\"178\">801.025<\/td>\n<td style=\"width: 25.9412%; height: 25px; text-align: center;\" width=\"189\">802.035<\/td>\n<\/tr>\n<tr style=\"height: 25px;\">\n<td style=\"width: 25%; height: 25px; text-align: left;\">Bas\u0131n\u00e7l\u0131 Hava 5 Bar<\/td>\n<td style=\"width: 25%; height: 25px; text-align: center;\">800.016<\/td>\n<td style=\"width: 25%; height: 25px; text-align: center;\">801.026<\/td>\n<td style=\"width: 25.9412%; height: 25px; text-align: center;\">802.036<\/td>\n<\/tr>\n<tr style=\"height: 25px;\">\n<td style=\"width: 25%; height: 25px; text-align: left;\">Bas\u0131n\u00e7l\u0131 Hava 7 Bar<\/td>\n<td style=\"width: 25%; height: 25px; text-align: center;\">800.017<\/td>\n<td style=\"width: 25%; height: 25px; text-align: center;\">801.027<\/td>\n<td style=\"width: 25.9412%; height: 25px; text-align: center;\">802.037<\/td>\n<\/tr>\n<tr style=\"height: 25px;\">\n<td style=\"width: 25%; height: 25px; text-align: left;\">Vakum<\/td>\n<td style=\"width: 25%; height: 25px; text-align: center;\">800.018<\/td>\n<td style=\"width: 25%; height: 25px; text-align: center;\">801.028<\/td>\n<td style=\"width: 25.9412%; height: 25px; text-align: center;\">802.038<\/td>\n<\/tr>\n<tr style=\"height: 25px;\">\n<td style=\"width: 25%; height: 25px; text-align: left;\">Azot Protoksit<\/td>\n<td style=\"width: 25%; height: 25px; text-align: center;\">800.019<\/td>\n<td style=\"width: 25%; height: 25px; text-align: center;\">801.029<\/td>\n<td style=\"width: 25.9412%; height: 25px; text-align: center;\">802.039<\/td>\n<\/tr>\n<tr style=\"height: 25px;\">\n<td style=\"width: 100.941%; height: 25px; text-align: left;\" colspan=\"4\"><strong>Yatak Ba\u015f\u0131na Monte<\/strong><\/td>\n<\/tr>\n<tr style=\"height: 25px;\">\n<td style=\"width: 25%; height: 25px; text-align: left;\">Oksijen<\/td>\n<td style=\"width: 25%; height: 25px; text-align: center;\" width=\"191\">800.040<\/td>\n<td style=\"width: 25%; height: 25px; text-align: center;\" width=\"178\">801.051<\/td>\n<td style=\"width: 25.9412%; height: 25px; text-align: center;\" width=\"189\">802.061<\/td>\n<\/tr>\n<tr style=\"height: 25px;\">\n<td style=\"width: 25%; height: 25px; text-align: left;\">Bas\u0131n\u00e7l\u0131 Hava 5 Bar<\/td>\n<td style=\"width: 25%; height: 25px; text-align: center;\">800.041<\/td>\n<td style=\"width: 25%; height: 25px; text-align: center;\">801.052<\/td>\n<td style=\"width: 25.9412%; height: 25px; text-align: center;\">802.062<\/td>\n<\/tr>\n<tr style=\"height: 25px;\">\n<td style=\"width: 25%; height: 25px; text-align: left;\">Bas\u0131n\u00e7l\u0131 Hava 7 Bar<\/td>\n<td style=\"width: 25%; height: 25px; text-align: center;\">800.042<\/td>\n<td style=\"width: 25%; height: 25px; text-align: center;\">801.053<\/td>\n<td style=\"width: 25.9412%; height: 25px; text-align: center;\">802.063<\/td>\n<\/tr>\n<tr style=\"height: 25px;\">\n<td style=\"width: 25%; height: 25px; text-align: left;\">Vakum<\/td>\n<td style=\"width: 25%; height: 25px; text-align: center;\">800.043<\/td>\n<td style=\"width: 25%; height: 25px; text-align: center;\">801.054<\/td>\n<td style=\"width: 25.9412%; height: 25px; text-align: center;\">802.064<\/td>\n<\/tr>\n<tr style=\"height: 25px;\">\n<td style=\"width: 25%; height: 25px; text-align: left;\">Azot Protoksit<\/td>\n<td style=\"width: 25%; height: 25px; text-align: center;\">800.044<\/td>\n<td style=\"width: 25%; height: 25px; text-align: center;\">801.055<\/td>\n<td style=\"width: 25.9412%; height: 25px; text-align: center;\">802.065<\/td>\n<\/tr>\n<tr style=\"height: 25px;\">\n<td style=\"width: 100.941%; height: 25px; text-align: left;\" colspan=\"4\"><strong>S\u0131va Alt\u0131<\/strong><\/td>\n<\/tr>\n<tr style=\"height: 25px;\">\n<td style=\"width: 25%; height: 25px; text-align: left;\">Oksijen<\/td>\n<td style=\"width: 25%; height: 25px; text-align: center;\" width=\"191\">800.047<\/td>\n<td style=\"width: 25%; height: 25px; text-align: center;\" width=\"178\">801.057<\/td>\n<td style=\"width: 25.9412%; height: 25px; text-align: center;\" width=\"189\">802.067<\/td>\n<\/tr>\n<tr style=\"height: 25px;\">\n<td style=\"width: 25%; height: 25px; text-align: left;\">Bas\u0131n\u00e7l\u0131 Hava 5 Bar<\/td>\n<td style=\"width: 25%; height: 25px; text-align: center;\">800.048<\/td>\n<td style=\"width: 25%; height: 25px; text-align: center;\">801.058<\/td>\n<td style=\"width: 25.9412%; height: 25px; text-align: center;\">802.068<\/td>\n<\/tr>\n<tr style=\"height: 25px;\">\n<td style=\"width: 25%; height: 25px; text-align: left;\">Bas\u0131n\u00e7l\u0131 Hava 7 Bar<\/td>\n<td style=\"width: 25%; height: 25px; text-align: center;\">800.049<\/td>\n<td style=\"width: 25%; height: 25px; text-align: center;\">801.059<\/td>\n<td style=\"width: 25.9412%; height: 25px; text-align: center;\">802.069<\/td>\n<\/tr>\n<tr style=\"height: 25px;\">\n<td style=\"width: 25%; height: 25px; text-align: left;\">Vakum<\/td>\n<td style=\"width: 25%; height: 25px; text-align: center;\">800.050<\/td>\n<td style=\"width: 25%; height: 25px; text-align: center;\">801.060<\/td>\n<td style=\"width: 25.9412%; height: 25px; text-align: center;\">802.070<\/td>\n<\/tr>\n<tr style=\"height: 25px;\">\n<td style=\"width: 25%; height: 25px; text-align: left;\">Azot Protoksit<\/td>\n<td style=\"width: 25%; height: 25px; text-align: center;\">800.051<\/td>\n<td style=\"width: 25%; height: 25px; text-align: center;\">801.061<\/td>\n<td style=\"width: 25.9412%; height: 25px; text-align: center;\">802.071<\/td>\n<\/tr>\n<\/tbody>\n<\/table>\n","protected":false},"excerpt":{"rendered":"<p>Alman (DIN) Standard\u0131 \u0130ngiliz (BS) Standard\u0131 Frans\u0131z (NF-AFNOR) Standard\u0131 Pendanta Monte Oksijen 800.001 801.011 802.021 Bas\u0131n\u00e7l\u0131 Hava 5 Bar 800.002 801.012 802.022 Bas\u0131n\u00e7l\u0131 Hava 7 Bar<span class=\"excerpt-hellip\"> [\u2026]<\/span><\/p>\n","protected":false},"author":1,"featured_media":0,"parent":0,"menu_order":0,"comment_status":"closed","ping_status":"closed","template":"","meta":{"footnotes":""},"class_list":["post-2507","page","type-page","status-publish","hentry"],"yoast_head":"<!-- This site is optimized with the Yoast SEO plugin v24.0 - https:\/\/yoast.com\/wordpress\/plugins\/seo\/ -->\n<title>Medikal Gaz Prizleri &#8211; DEHAS\u00ae<\/title>\n<meta name=\"description\" content=\"Alman (DIN) Standard\u0131 \u0130ngiliz (BS) Standard\u0131 Frans\u0131z (NF-AFNOR) Standard\u0131 Pendanta Monte Oksijen 800.001 801.011 802.021 Bas\u0131n\u00e7l\u0131 Hava 5 Bar 800.002\" \/>\n<meta name=\"robots\" content=\"index, follow, max-snippet:-1, max-image-preview:large, max-video-preview:-1\" \/>\n<link rel=\"canonical\" href=\"https:\/\/www.dehas.com.tr\/medikal\/medikal-gaz-prizleri\/\" \/>\n<meta property=\"og:locale\" content=\"tr_TR\" \/>\n<meta property=\"og:type\" content=\"article\" \/>\n<meta property=\"og:title\" content=\"Medikal Gaz Prizleri &#8211; DEHAS\u00ae\" \/>\n<meta property=\"og:description\" content=\"Alman (DIN) Standard\u0131 \u0130ngiliz (BS) Standard\u0131 Frans\u0131z (NF-AFNOR) Standard\u0131 Pendanta Monte Oksijen 800.001 801.011 802.021 Bas\u0131n\u00e7l\u0131 Hava 5 Bar 800.002\" \/>\n<meta property=\"og:url\" content=\"https:\/\/www.dehas.com.tr\/medikal\/medikal-gaz-prizleri\/\" \/>\n<meta property=\"og:site_name\" content=\"DEHAS\u00ae\" \/>\n<meta property=\"article:publisher\" content=\"https:\/\/www.facebook.com\/pages\/category\/Medical-Company\/Dehas-Medikal-Gaz-Teknik-Ltd-%c5%9eti-130664927073299\/\" \/>\n<meta property=\"article:modified_time\" content=\"2021-10-07T11:56:00+00:00\" \/>\n<meta name=\"twitter:card\" content=\"summary_large_image\" \/>\n<script type=\"application\/ld+json\" class=\"yoast-schema-graph\">{\"@context\":\"https:\/\/schema.org\",\"@graph\":[{\"@type\":\"WebPage\",\"@id\":\"https:\/\/www.dehas.com.tr\/medikal\/medikal-gaz-prizleri\/\",\"url\":\"https:\/\/www.dehas.com.tr\/medikal\/medikal-gaz-prizleri\/\",\"name\":\"Medikal Gaz Prizleri &#8211; DEHAS\u00ae\",\"isPartOf\":{\"@id\":\"https:\/\/www.dehas.com.tr\/medikal\/#website\"},\"datePublished\":\"2020-10-10T17:14:59+00:00\",\"dateModified\":\"2021-10-07T11:56:00+00:00\",\"description\":\"Alman (DIN) Standard\u0131 \u0130ngiliz (BS) Standard\u0131 Frans\u0131z (NF-AFNOR) Standard\u0131 Pendanta Monte Oksijen 800.001 801.011 802.021 Bas\u0131n\u00e7l\u0131 Hava 5 Bar 800.002\",\"breadcrumb\":{\"@id\":\"https:\/\/www.dehas.com.tr\/medikal\/medikal-gaz-prizleri\/#breadcrumb\"},\"inLanguage\":\"tr\",\"potentialAction\":[{\"@type\":\"ReadAction\",\"target\":[\"https:\/\/www.dehas.com.tr\/medikal\/medikal-gaz-prizleri\/\"]}]},{\"@type\":\"BreadcrumbList\",\"@id\":\"https:\/\/www.dehas.com.tr\/medikal\/medikal-gaz-prizleri\/#breadcrumb\",\"itemListElement\":[{\"@type\":\"ListItem\",\"position\":1,\"name\":\"Ana sayfa\",\"item\":\"https:\/\/www.dehas.com.tr\/medikal\/\"},{\"@type\":\"ListItem\",\"position\":2,\"name\":\"Medikal Gaz Prizleri\"}]},{\"@type\":\"WebSite\",\"@id\":\"https:\/\/www.dehas.com.tr\/medikal\/#website\",\"url\":\"https:\/\/www.dehas.com.tr\/medikal\/\",\"name\":\"DEHAS\u00ae\",\"description\":\"\",\"publisher\":{\"@id\":\"https:\/\/www.dehas.com.tr\/medikal\/#organization\"},\"potentialAction\":[{\"@type\":\"SearchAction\",\"target\":{\"@type\":\"EntryPoint\",\"urlTemplate\":\"https:\/\/www.dehas.com.tr\/medikal\/?s={search_term_string}\"},\"query-input\":{\"@type\":\"PropertyValueSpecification\",\"valueRequired\":true,\"valueName\":\"search_term_string\"}}],\"inLanguage\":\"tr\"},{\"@type\":\"Organization\",\"@id\":\"https:\/\/www.dehas.com.tr\/medikal\/#organization\",\"name\":\"DEHAS\u00ae\",\"url\":\"https:\/\/www.dehas.com.tr\/medikal\/\",\"logo\":{\"@type\":\"ImageObject\",\"inLanguage\":\"tr\",\"@id\":\"https:\/\/www.dehas.com.tr\/medikal\/#\/schema\/logo\/image\/\",\"url\":\"https:\/\/www.dehas.com.tr\/wp-content\/uploads\/2020\/10\/logo.png\",\"contentUrl\":\"https:\/\/www.dehas.com.tr\/wp-content\/uploads\/2020\/10\/logo.png\",\"width\":200,\"height\":60,\"caption\":\"DEHAS\u00ae\"},\"image\":{\"@id\":\"https:\/\/www.dehas.com.tr\/medikal\/#\/schema\/logo\/image\/\"},\"sameAs\":[\"https:\/\/www.facebook.com\/pages\/category\/Medical-Company\/Dehas-Medikal-Gaz-Teknik-Ltd-\u015eti-130664927073299\/\",\"https:\/\/instagram.com\/dehas_medical\",\"https:\/\/www.linkedin.com\/company\/dehas-medikal\"]}]}<\/script>\n<!-- \/ Yoast SEO plugin. -->","yoast_head_json":{"title":"Medikal Gaz Prizleri &#8211; DEHAS\u00ae","description":"Alman (DIN) Standard\u0131 \u0130ngiliz (BS) Standard\u0131 Frans\u0131z (NF-AFNOR) Standard\u0131 Pendanta Monte Oksijen 800.001 801.011 802.021 Bas\u0131n\u00e7l\u0131 Hava 5 Bar 800.002","robots":{"index":"index","follow":"follow","max-snippet":"max-snippet:-1","max-image-preview":"max-image-preview:large","max-video-preview":"max-video-preview:-1"},"canonical":"https:\/\/www.dehas.com.tr\/medikal\/medikal-gaz-prizleri\/","og_locale":"tr_TR","og_type":"article","og_title":"Medikal Gaz Prizleri &#8211; DEHAS\u00ae","og_description":"Alman (DIN) Standard\u0131 \u0130ngiliz (BS) Standard\u0131 Frans\u0131z (NF-AFNOR) Standard\u0131 Pendanta Monte Oksijen 800.001 801.011 802.021 Bas\u0131n\u00e7l\u0131 Hava 5 Bar 800.002","og_url":"https:\/\/www.dehas.com.tr\/medikal\/medikal-gaz-prizleri\/","og_site_name":"DEHAS\u00ae","article_publisher":"https:\/\/www.facebook.com\/pages\/category\/Medical-Company\/Dehas-Medikal-Gaz-Teknik-Ltd-%c5%9eti-130664927073299\/","article_modified_time":"2021-10-07T11:56:00+00:00","twitter_card":"summary_large_image","schema":{"@context":"https:\/\/schema.org","@graph":[{"@type":"WebPage","@id":"https:\/\/www.dehas.com.tr\/medikal\/medikal-gaz-prizleri\/","url":"https:\/\/www.dehas.com.tr\/medikal\/medikal-gaz-prizleri\/","name":"Medikal Gaz Prizleri &#8211; DEHAS\u00ae","isPartOf":{"@id":"https:\/\/www.dehas.com.tr\/medikal\/#website"},"datePublished":"2020-10-10T17:14:59+00:00","dateModified":"2021-10-07T11:56:00+00:00","description":"Alman (DIN) Standard\u0131 \u0130ngiliz (BS) Standard\u0131 Frans\u0131z (NF-AFNOR) Standard\u0131 Pendanta Monte Oksijen 800.001 801.011 802.021 Bas\u0131n\u00e7l\u0131 Hava 5 Bar 800.002","breadcrumb":{"@id":"https:\/\/www.dehas.com.tr\/medikal\/medikal-gaz-prizleri\/#breadcrumb"},"inLanguage":"tr","potentialAction":[{"@type":"ReadAction","target":["https:\/\/www.dehas.com.tr\/medikal\/medikal-gaz-prizleri\/"]}]},{"@type":"BreadcrumbList","@id":"https:\/\/www.dehas.com.tr\/medikal\/medikal-gaz-prizleri\/#breadcrumb","itemListElement":[{"@type":"ListItem","position":1,"name":"Ana sayfa","item":"https:\/\/www.dehas.com.tr\/medikal\/"},{"@type":"ListItem","position":2,"name":"Medikal Gaz Prizleri"}]},{"@type":"WebSite","@id":"https:\/\/www.dehas.com.tr\/medikal\/#website","url":"https:\/\/www.dehas.com.tr\/medikal\/","name":"DEHAS\u00ae","description":"","publisher":{"@id":"https:\/\/www.dehas.com.tr\/medikal\/#organization"},"potentialAction":[{"@type":"SearchAction","target":{"@type":"EntryPoint","urlTemplate":"https:\/\/www.dehas.com.tr\/medikal\/?s={search_term_string}"},"query-input":{"@type":"PropertyValueSpecification","valueRequired":true,"valueName":"search_term_string"}}],"inLanguage":"tr"},{"@type":"Organization","@id":"https:\/\/www.dehas.com.tr\/medikal\/#organization","name":"DEHAS\u00ae","url":"https:\/\/www.dehas.com.tr\/medikal\/","logo":{"@type":"ImageObject","inLanguage":"tr","@id":"https:\/\/www.dehas.com.tr\/medikal\/#\/schema\/logo\/image\/","url":"https:\/\/www.dehas.com.tr\/wp-content\/uploads\/2020\/10\/logo.png","contentUrl":"https:\/\/www.dehas.com.tr\/wp-content\/uploads\/2020\/10\/logo.png","width":200,"height":60,"caption":"DEHAS\u00ae"},"image":{"@id":"https:\/\/www.dehas.com.tr\/medikal\/#\/schema\/logo\/image\/"},"sameAs":["https:\/\/www.facebook.com\/pages\/category\/Medical-Company\/Dehas-Medikal-Gaz-Teknik-Ltd-\u015eti-130664927073299\/","https:\/\/instagram.com\/dehas_medical","https:\/\/www.linkedin.com\/company\/dehas-medikal"]}]}},"_links":{"self":[{"href":"https:\/\/www.dehas.com.tr\/medikal\/wp-json\/wp\/v2\/pages\/2507","targetHints":{"allow":["GET"]}}],"collection":[{"href":"https:\/\/www.dehas.com.tr\/medikal\/wp-json\/wp\/v2\/pages"}],"about":[{"href":"https:\/\/www.dehas.com.tr\/medikal\/wp-json\/wp\/v2\/types\/page"}],"author":[{"embeddable":true,"href":"https:\/\/www.dehas.com.tr\/medikal\/wp-json\/wp\/v2\/users\/1"}],"replies":[{"embeddable":true,"href":"https:\/\/www.dehas.com.tr\/medikal\/wp-json\/wp\/v2\/comments?post=2507"}],"version-history":[{"count":2,"href":"https:\/\/www.dehas.com.tr\/medikal\/wp-json\/wp\/v2\/pages\/2507\/revisions"}],"predecessor-version":[{"id":3359,"href":"https:\/\/www.dehas.com.tr\/medikal\/wp-json\/wp\/v2\/pages\/2507\/revisions\/3359"}],"wp:attachment":[{"href":"https:\/\/www.dehas.com.tr\/medikal\/wp-json\/wp\/v2\/media?parent=2507"}],"curies":[{"name":"wp","href":"https:\/\/api.w.org\/{rel}","templated":true}]}}