{"id":2678,"date":"2020-10-16T14:40:33","date_gmt":"2020-10-16T11:40:33","guid":{"rendered":"https:\/\/www.dehas.com.tr\/?page_id=2678"},"modified":"2021-01-13T12:44:18","modified_gmt":"2021-01-13T09:44:18","slug":"kullanim-sartlari","status":"publish","type":"page","link":"https:\/\/www.dehas.com.tr\/insaat\/kullanim-sartlari\/","title":{"rendered":"Kullan\u0131m \u015eartlar\u0131"},"content":{"rendered":"<h3 style=\"text-align: justify;\">Kullan\u0131m \u015eartlar\u0131<\/h3>\n<p style=\"text-align: justify;\">Aksi belirtilmedi\u011fi s\u00fcrece, bu sitede yer alan bilgilerin telif hakk\u0131 DEHAS\u2019a aittir. <span style=\"color: #ff0000;\"><strong><a style=\"color: #ff0000;\" href=\"https:\/\/www.dehas.com.tr\">www.dehas.com.tr<\/a><\/strong><\/span> internet sitesi i\u00e7eri\u011fi ve malzemeler telif haklar\u0131 ve ticari marka kanunlar\u0131 taraf\u0131ndan korunmaktad\u0131r.<\/p>\n<p style=\"text-align: justify;\">Kod ve yaz\u0131l\u0131m da dahil olmak \u00fczere, site i\u00e7eri\u011findeki t\u00fcm materyaller, yaz\u0131, makale, g\u00f6r\u00fcnt\u00fc, dok\u00fcman, foto\u011fraf, resim, ses, i\u015faret ve sair fikir \u00fcr\u00fcnleri Telif Haklar\u0131 ile ilgili yasal mevzuat uyar\u0131nca korunmakta olup, DEHAS\u2019\u0131n yaz\u0131l\u0131 izni olmad\u0131k\u00e7a bu sitedeki hi\u00e7 bir malzeme kopyalanamaz, de\u011fi\u015ftirilemez, \u00e7o\u011falt\u0131lamaz, yeniden yay\u0131nlanamaz, ba\u015fka bir bilgisayara y\u00fcklenemez, da\u011f\u0131t\u0131lamaz. Site kullan\u0131c\u0131s\u0131 DEHAS internet sitesinde yer alan yaz\u0131, makale, g\u00f6r\u00fcnt\u00fc, dok\u00fcman, foto\u011fraf, resim, ses materyallerini DEHAS internet sitesine ba\u011fl\u0131 kald\u0131\u011f\u0131 s\u00fcre boyunca kullanma hakk\u0131na sahiptir.<\/p>\n<p style=\"text-align: justify;\"><strong><span style=\"color: #ff0000;\"><a style=\"color: #ff0000;\" href=\"https:\/\/www.dehas.com.tr\" target=\"_blank\" rel=\"noopener noreferrer\">www.dehas.com.tr<\/a><\/span><\/strong> internet sitesinde yer alan her t\u00fcrl\u00fc yaz\u0131, makale, resim, ses ve di\u011fer malzemeler izin almak ve referans g\u00f6stermek \u015fart\u0131yla kullan\u0131labilir. <strong><span style=\"color: #ff0000;\"><a style=\"color: #ff0000;\" href=\"https:\/\/www.dehas.com.tr\">www.dehas.com.tr<\/a><\/span><\/strong> internet sitesini ziyaret eden ve DEHAS\u2019\u0131n internet sitesindeki hizmetlerden yararlanan t\u00fcm kullan\u0131c\u0131lar bu Kullan\u0131m \u015eartlar\u0131&#8217;n\u0131 okumu\u015f ve kabul etmi\u015f say\u0131l\u0131r.<\/p>\n","protected":false},"excerpt":{"rendered":"<p>Kullan\u0131m \u015eartlar\u0131 Aksi belirtilmedi\u011fi s\u00fcrece, bu sitede yer alan bilgilerin telif hakk\u0131 DEHAS\u2019a aittir. www.dehas.com.tr internet sitesi i\u00e7eri\u011fi ve malzemeler telif haklar\u0131 ve ticari marka kanunlar\u0131<span class=\"excerpt-hellip\"> [\u2026]<\/span><\/p>\n","protected":false},"author":1,"featured_media":0,"parent":0,"menu_order":0,"comment_status":"closed","ping_status":"closed","template":"","meta":{"footnotes":""},"class_list":["post-2678","page","type-page","status-publish","hentry"],"yoast_head":"<!-- This site is optimized with the Yoast SEO plugin v24.0 - https:\/\/yoast.com\/wordpress\/plugins\/seo\/ -->\n<title>Kullan\u0131m \u015eartlar\u0131 &#8211; DEHAS\u00ae<\/title>\n<meta name=\"description\" content=\"Kullan\u0131m \u015eartlar\u0131 Aksi belirtilmedi\u011fi s\u00fcrece, bu sitede yer alan bilgilerin telif hakk\u0131 DEHAS\u2019a aittir. www.dehas.com.tr internet sitesi i\u00e7eri\u011fi ve\" \/>\n<meta name=\"robots\" content=\"index, follow, max-snippet:-1, max-image-preview:large, max-video-preview:-1\" \/>\n<link rel=\"canonical\" href=\"https:\/\/www.dehas.com.tr\/insaat\/kullanim-sartlari\/\" \/>\n<meta property=\"og:locale\" content=\"tr_TR\" \/>\n<meta property=\"og:type\" content=\"article\" \/>\n<meta property=\"og:title\" content=\"Kullan\u0131m \u015eartlar\u0131 &#8211; DEHAS\u00ae\" \/>\n<meta property=\"og:description\" content=\"Kullan\u0131m \u015eartlar\u0131 Aksi belirtilmedi\u011fi s\u00fcrece, bu sitede yer alan bilgilerin telif hakk\u0131 DEHAS\u2019a aittir. www.dehas.com.tr internet sitesi i\u00e7eri\u011fi ve\" \/>\n<meta property=\"og:url\" content=\"https:\/\/www.dehas.com.tr\/insaat\/kullanim-sartlari\/\" \/>\n<meta property=\"og:site_name\" content=\"DEHAS\u00ae\" \/>\n<meta property=\"article:publisher\" content=\"https:\/\/www.facebook.com\/pages\/category\/Medical-Company\/Dehas-Medikal-Gaz-Teknik-Ltd-%c5%9eti-130664927073299\/\" \/>\n<meta property=\"article:modified_time\" content=\"2021-01-13T09:44:18+00:00\" \/>\n<meta name=\"twitter:card\" content=\"summary_large_image\" \/>\n<meta name=\"twitter:label1\" content=\"Tahmini okuma s\u00fcresi\" \/>\n\t<meta name=\"twitter:data1\" content=\"1 dakika\" \/>\n<script type=\"application\/ld+json\" class=\"yoast-schema-graph\">{\"@context\":\"https:\/\/schema.org\",\"@graph\":[{\"@type\":\"WebPage\",\"@id\":\"https:\/\/www.dehas.com.tr\/insaat\/kullanim-sartlari\/\",\"url\":\"https:\/\/www.dehas.com.tr\/insaat\/kullanim-sartlari\/\",\"name\":\"Kullan\u0131m \u015eartlar\u0131 &#8211; DEHAS\u00ae\",\"isPartOf\":{\"@id\":\"https:\/\/www.dehas.com.tr\/insaat\/#website\"},\"datePublished\":\"2020-10-16T11:40:33+00:00\",\"dateModified\":\"2021-01-13T09:44:18+00:00\",\"description\":\"Kullan\u0131m \u015eartlar\u0131 Aksi belirtilmedi\u011fi s\u00fcrece, bu sitede yer alan bilgilerin telif hakk\u0131 DEHAS\u2019a aittir. www.dehas.com.tr internet sitesi i\u00e7eri\u011fi ve\",\"breadcrumb\":{\"@id\":\"https:\/\/www.dehas.com.tr\/insaat\/kullanim-sartlari\/#breadcrumb\"},\"inLanguage\":\"tr\",\"potentialAction\":[{\"@type\":\"ReadAction\",\"target\":[\"https:\/\/www.dehas.com.tr\/insaat\/kullanim-sartlari\/\"]}]},{\"@type\":\"BreadcrumbList\",\"@id\":\"https:\/\/www.dehas.com.tr\/insaat\/kullanim-sartlari\/#breadcrumb\",\"itemListElement\":[{\"@type\":\"ListItem\",\"position\":1,\"name\":\"Ana sayfa\",\"item\":\"https:\/\/www.dehas.com.tr\/insaat\/\"},{\"@type\":\"ListItem\",\"position\":2,\"name\":\"Kullan\u0131m \u015eartlar\u0131\"}]},{\"@type\":\"WebSite\",\"@id\":\"https:\/\/www.dehas.com.tr\/insaat\/#website\",\"url\":\"https:\/\/www.dehas.com.tr\/insaat\/\",\"name\":\"DEHAS\u00ae\",\"description\":\"\",\"publisher\":{\"@id\":\"https:\/\/www.dehas.com.tr\/insaat\/#organization\"},\"potentialAction\":[{\"@type\":\"SearchAction\",\"target\":{\"@type\":\"EntryPoint\",\"urlTemplate\":\"https:\/\/www.dehas.com.tr\/insaat\/?s={search_term_string}\"},\"query-input\":{\"@type\":\"PropertyValueSpecification\",\"valueRequired\":true,\"valueName\":\"search_term_string\"}}],\"inLanguage\":\"tr\"},{\"@type\":\"Organization\",\"@id\":\"https:\/\/www.dehas.com.tr\/insaat\/#organization\",\"name\":\"DEHAS\u00ae\",\"url\":\"https:\/\/www.dehas.com.tr\/insaat\/\",\"logo\":{\"@type\":\"ImageObject\",\"inLanguage\":\"tr\",\"@id\":\"https:\/\/www.dehas.com.tr\/insaat\/#\/schema\/logo\/image\/\",\"url\":\"https:\/\/www.dehas.com.tr\/wp-content\/uploads\/2020\/10\/logo.png\",\"contentUrl\":\"https:\/\/www.dehas.com.tr\/wp-content\/uploads\/2020\/10\/logo.png\",\"width\":200,\"height\":60,\"caption\":\"DEHAS\u00ae\"},\"image\":{\"@id\":\"https:\/\/www.dehas.com.tr\/insaat\/#\/schema\/logo\/image\/\"},\"sameAs\":[\"https:\/\/www.facebook.com\/pages\/category\/Medical-Company\/Dehas-Medikal-Gaz-Teknik-Ltd-\u015eti-130664927073299\/\",\"https:\/\/instagram.com\/dehas_medical\",\"https:\/\/www.linkedin.com\/company\/dehas-medikal\"]}]}<\/script>\n<!-- \/ Yoast SEO plugin. -->","yoast_head_json":{"title":"Kullan\u0131m \u015eartlar\u0131 &#8211; DEHAS\u00ae","description":"Kullan\u0131m \u015eartlar\u0131 Aksi belirtilmedi\u011fi s\u00fcrece, bu sitede yer alan bilgilerin telif hakk\u0131 DEHAS\u2019a aittir. www.dehas.com.tr internet sitesi i\u00e7eri\u011fi ve","robots":{"index":"index","follow":"follow","max-snippet":"max-snippet:-1","max-image-preview":"max-image-preview:large","max-video-preview":"max-video-preview:-1"},"canonical":"https:\/\/www.dehas.com.tr\/insaat\/kullanim-sartlari\/","og_locale":"tr_TR","og_type":"article","og_title":"Kullan\u0131m \u015eartlar\u0131 &#8211; DEHAS\u00ae","og_description":"Kullan\u0131m \u015eartlar\u0131 Aksi belirtilmedi\u011fi s\u00fcrece, bu sitede yer alan bilgilerin telif hakk\u0131 DEHAS\u2019a aittir. www.dehas.com.tr internet sitesi i\u00e7eri\u011fi ve","og_url":"https:\/\/www.dehas.com.tr\/insaat\/kullanim-sartlari\/","og_site_name":"DEHAS\u00ae","article_publisher":"https:\/\/www.facebook.com\/pages\/category\/Medical-Company\/Dehas-Medikal-Gaz-Teknik-Ltd-%c5%9eti-130664927073299\/","article_modified_time":"2021-01-13T09:44:18+00:00","twitter_card":"summary_large_image","twitter_misc":{"Tahmini okuma s\u00fcresi":"1 dakika"},"schema":{"@context":"https:\/\/schema.org","@graph":[{"@type":"WebPage","@id":"https:\/\/www.dehas.com.tr\/insaat\/kullanim-sartlari\/","url":"https:\/\/www.dehas.com.tr\/insaat\/kullanim-sartlari\/","name":"Kullan\u0131m \u015eartlar\u0131 &#8211; DEHAS\u00ae","isPartOf":{"@id":"https:\/\/www.dehas.com.tr\/insaat\/#website"},"datePublished":"2020-10-16T11:40:33+00:00","dateModified":"2021-01-13T09:44:18+00:00","description":"Kullan\u0131m \u015eartlar\u0131 Aksi belirtilmedi\u011fi s\u00fcrece, bu sitede yer alan bilgilerin telif hakk\u0131 DEHAS\u2019a aittir. www.dehas.com.tr internet sitesi i\u00e7eri\u011fi ve","breadcrumb":{"@id":"https:\/\/www.dehas.com.tr\/insaat\/kullanim-sartlari\/#breadcrumb"},"inLanguage":"tr","potentialAction":[{"@type":"ReadAction","target":["https:\/\/www.dehas.com.tr\/insaat\/kullanim-sartlari\/"]}]},{"@type":"BreadcrumbList","@id":"https:\/\/www.dehas.com.tr\/insaat\/kullanim-sartlari\/#breadcrumb","itemListElement":[{"@type":"ListItem","position":1,"name":"Ana sayfa","item":"https:\/\/www.dehas.com.tr\/insaat\/"},{"@type":"ListItem","position":2,"name":"Kullan\u0131m \u015eartlar\u0131"}]},{"@type":"WebSite","@id":"https:\/\/www.dehas.com.tr\/insaat\/#website","url":"https:\/\/www.dehas.com.tr\/insaat\/","name":"DEHAS\u00ae","description":"","publisher":{"@id":"https:\/\/www.dehas.com.tr\/insaat\/#organization"},"potentialAction":[{"@type":"SearchAction","target":{"@type":"EntryPoint","urlTemplate":"https:\/\/www.dehas.com.tr\/insaat\/?s={search_term_string}"},"query-input":{"@type":"PropertyValueSpecification","valueRequired":true,"valueName":"search_term_string"}}],"inLanguage":"tr"},{"@type":"Organization","@id":"https:\/\/www.dehas.com.tr\/insaat\/#organization","name":"DEHAS\u00ae","url":"https:\/\/www.dehas.com.tr\/insaat\/","logo":{"@type":"ImageObject","inLanguage":"tr","@id":"https:\/\/www.dehas.com.tr\/insaat\/#\/schema\/logo\/image\/","url":"https:\/\/www.dehas.com.tr\/wp-content\/uploads\/2020\/10\/logo.png","contentUrl":"https:\/\/www.dehas.com.tr\/wp-content\/uploads\/2020\/10\/logo.png","width":200,"height":60,"caption":"DEHAS\u00ae"},"image":{"@id":"https:\/\/www.dehas.com.tr\/insaat\/#\/schema\/logo\/image\/"},"sameAs":["https:\/\/www.facebook.com\/pages\/category\/Medical-Company\/Dehas-Medikal-Gaz-Teknik-Ltd-\u015eti-130664927073299\/","https:\/\/instagram.com\/dehas_medical","https:\/\/www.linkedin.com\/company\/dehas-medikal"]}]}},"_links":{"self":[{"href":"https:\/\/www.dehas.com.tr\/insaat\/wp-json\/wp\/v2\/pages\/2678","targetHints":{"allow":["GET"]}}],"collection":[{"href":"https:\/\/www.dehas.com.tr\/insaat\/wp-json\/wp\/v2\/pages"}],"about":[{"href":"https:\/\/www.dehas.com.tr\/insaat\/wp-json\/wp\/v2\/types\/page"}],"author":[{"embeddable":true,"href":"https:\/\/www.dehas.com.tr\/insaat\/wp-json\/wp\/v2\/users\/1"}],"replies":[{"embeddable":true,"href":"https:\/\/www.dehas.com.tr\/insaat\/wp-json\/wp\/v2\/comments?post=2678"}],"version-history":[{"count":1,"href":"https:\/\/www.dehas.com.tr\/insaat\/wp-json\/wp\/v2\/pages\/2678\/revisions"}],"predecessor-version":[{"id":3377,"href":"https:\/\/www.dehas.com.tr\/insaat\/wp-json\/wp\/v2\/pages\/2678\/revisions\/3377"}],"wp:attachment":[{"href":"https:\/\/www.dehas.com.tr\/insaat\/wp-json\/wp\/v2\/media?parent=2678"}],"curies":[{"name":"wp","href":"https:\/\/api.w.org\/{rel}","templated":true}]}}