{"id":2659,"date":"2020-10-13T14:44:29","date_gmt":"2020-10-13T11:44:29","guid":{"rendered":"https:\/\/www.dehas.com.tr\/?page_id=2659"},"modified":"2020-10-13T14:44:29","modified_gmt":"2020-10-13T11:44:29","slug":"teklif-al","status":"publish","type":"page","link":"https:\/\/www.dehas.com.tr\/insaat\/teklif-al\/","title":{"rendered":"Teklif Al"},"content":{"rendered":"<div id=\"quform-dec6c2\" class=\"quform quform-6 quform-theme-bootstrap quform-support-page-caching\"><form id=\"quform-form-dec6c2\" class=\"quform-form quform-form-6\" action=\"\/insaat\/wp-json\/wp\/v2\/pages\/2659#quform-dec6c2\" method=\"post\" enctype=\"multipart\/form-data\" novalidate=\"novalidate\" data-options=\"{&quot;id&quot;:6,&quot;uniqueId&quot;:&quot;dec6c2&quot;,&quot;theme&quot;:&quot;bootstrap&quot;,&quot;ajax&quot;:true,&quot;logic&quot;:{&quot;logic&quot;:[],&quot;dependents&quot;:[],&quot;elementIds&quot;:[],&quot;dependentElementIds&quot;:[],&quot;animate&quot;:true},&quot;currentPageId&quot;:1,&quot;errorsIcon&quot;:&quot;&quot;,&quot;updateFancybox&quot;:true,&quot;hasPages&quot;:false,&quot;pages&quot;:[1],&quot;pageProgressType&quot;:&quot;numbers&quot;,&quot;tooltipsEnabled&quot;:true,&quot;tooltipClasses&quot;:&quot;qtip-quform-dark qtip-shadow&quot;,&quot;tooltipMy&quot;:&quot;left center&quot;,&quot;tooltipAt&quot;:&quot;right center&quot;,&quot;isRtl&quot;:false,&quot;scrollOffset&quot;:-50,&quot;scrollSpeed&quot;:800}\"><button class=\"quform-default-submit\" name=\"quform_submit\" type=\"submit\" value=\"submit\" aria-hidden=\"true\" tabindex=\"-1\"><\/button><div class=\"quform-form-inner quform-form-inner-6\"><input type=\"hidden\" name=\"quform_form_id\" value=\"6\" \/><input type=\"hidden\" name=\"quform_form_uid\" value=\"dec6c2\" \/><input type=\"hidden\" name=\"quform_count\" value=\"1\" \/><input type=\"hidden\" name=\"form_url\" value=\"https:\/\/www.dehas.com.tr\/insaat\/wp-json\/wp\/v2\/pages\/2659\" \/><input type=\"hidden\" name=\"referring_url\" value=\"\" \/><input type=\"hidden\" name=\"post_id\" value=\"\" \/><input type=\"hidden\" name=\"post_title\" value=\"\" \/><input type=\"hidden\" name=\"quform_current_page_id\" value=\"1\" \/><input type=\"hidden\" name=\"quform_csrf_token\" value=\"AiwdL7yLVX2Po5NEGT6gghYwcKHKXsYSj2TzhXA1\" \/><div class=\"quform-form-title-description\"><h2 class=\"quform-form-title\">Teklif Al<\/h2><\/div><div class=\"quform-elements quform-elements-6 quform-cf quform-responsive-elements-phone-landscape\"><div class=\"quform-element quform-element-page quform-page-1 quform-page-6_1 quform-cf quform-group-style-plain quform-first-page quform-last-page quform-current-page\"><div class=\"quform-child-elements\"><div class=\"quform-element quform-element-name quform-element-6_4 quform-cf quform-element-required\"><div class=\"quform-spacer\"><div class=\"quform-label quform-label-6_4\"><span class=\"quform-label-icon\"><i class=\"fa fa-user-o\"><\/i><\/span><label class=\"quform-label-text\" id=\"quform_6_4_dec6c2_label\">Ad\u0131n\u0131z Soyad\u0131n\u0131z<span class=\"quform-required\">*<\/span><\/label><\/div><div class=\"quform-inner quform-inner-name quform-inner-6_4\"><div class=\"quform-input quform-input-name quform-input-6_4 quform-cf\"><div class=\"quform-element-row quform-1-columns quform-element-row-size-fixed quform-responsive-columns-phone-landscape\"><div class=\"quform-element-column\"><div class=\"quform-element quform-element-text quform-element-6_4_2 quform-cf quform-element-required\"><div class=\"quform-spacer\"><div class=\"quform-inner quform-inner-text quform-inner-6_4_2\"><div class=\"quform-input quform-input-text quform-input-6_4_2 quform-cf\"><input type=\"text\" id=\"quform_6_4_2_dec6c2\" name=\"quform_6_4[2]\" class=\"quform-field quform-field-text quform-field-6_4_2\" aria-labelledby=\"quform_6_4_dec6c2_label\" \/><\/div><\/div><\/div><\/div><\/div><\/div><\/div><\/div><\/div><\/div><div class=\"quform-element quform-element-email quform-element-6_5 quform-cf quform-element-required\"><div class=\"quform-spacer\"><div class=\"quform-label quform-label-6_5\"><span class=\"quform-label-icon\"><i class=\"fa fa-envelope-o\"><\/i><\/span><label class=\"quform-label-text\" for=\"quform_6_5_dec6c2\">E-mail Adresiniz<span class=\"quform-required\">*<\/span><\/label><\/div><div class=\"quform-inner quform-inner-email quform-inner-6_5\"><div class=\"quform-input quform-input-email quform-input-6_5 quform-cf\"><input type=\"email\" id=\"quform_6_5_dec6c2\" name=\"quform_6_5\" class=\"quform-field quform-field-email quform-field-6_5\" \/><\/div><\/div><\/div><\/div><div class=\"quform-element quform-element-email quform-element-6_8 quform-cf quform-element-optional\"><div class=\"quform-spacer\"><div class=\"quform-label quform-label-6_8\"><span class=\"quform-label-icon\"><i class=\"fa fa-mobile-phone\"><\/i><\/span><label class=\"quform-label-text\" for=\"quform_6_8_dec6c2\">Telefon Numaran\u0131z<\/label><\/div><div class=\"quform-inner quform-inner-email quform-inner-6_8\"><div class=\"quform-input quform-input-email quform-input-6_8 quform-cf\"><input type=\"email\" id=\"quform_6_8_dec6c2\" name=\"quform_6_8\" class=\"quform-field quform-field-email quform-field-6_8\" \/><\/div><\/div><\/div><\/div><div class=\"quform-element quform-element-text quform-element-6_9 quform-cf quform-element-required\"><div class=\"quform-spacer\"><div class=\"quform-label quform-label-6_9\"><span class=\"quform-label-icon\"><i class=\"fa fa-flask\"><\/i><\/span><label class=\"quform-label-text\" for=\"quform_6_9_dec6c2\">Teklif Almak \u0130stedi\u011finiz \u00dcr\u00fcn<span class=\"quform-required\">*<\/span><\/label><\/div><div class=\"quform-inner quform-inner-text quform-inner-6_9\"><div class=\"quform-input quform-input-text quform-input-6_9 quform-cf\"><input type=\"text\" id=\"quform_6_9_dec6c2\" name=\"quform_6_9\" class=\"quform-field quform-field-text quform-field-6_9\" \/><\/div><\/div><\/div><\/div><div class=\"quform-element quform-element-textarea quform-element-6_6 quform-cf quform-element-optional\"><div class=\"quform-spacer\"><div class=\"quform-label quform-label-6_6\"><span class=\"quform-label-icon\"><i class=\"qicon-question-circle\"><\/i><\/span><label class=\"quform-label-text\" for=\"quform_6_6_dec6c2\">Notunuz<\/label><\/div><div class=\"quform-inner quform-inner-textarea quform-inner-6_6\"><div class=\"quform-input quform-input-textarea quform-input-6_6 quform-cf\"><textarea id=\"quform_6_6_dec6c2\" name=\"quform_6_6\" class=\"quform-field quform-field-textarea quform-field-6_6\"><\/textarea><\/div><\/div><\/div><\/div><div class=\"quform-element quform-element-submit quform-element-6_2 quform-cf quform-button-style-bootstrap\"><div class=\"quform-button-submit quform-button-submit-default quform-button-submit-6_2 quform-button-icon-right\"><button name=\"quform_submit\" type=\"submit\" class=\"quform-submit\" value=\"submit\"><span class=\"quform-button-text quform-button-submit-text\">G\u00f6nder<\/span><span class=\"quform-button-icon quform-button-submit-icon\"><i class=\"qicon-send\"><\/i><\/span><\/button><\/div><div class=\"quform-loading quform-loading-position-left quform-loading-type-spinner-1\"><div class=\"quform-loading-inner\"><div class=\"quform-loading-spinner\"><div class=\"quform-loading-spinner-inner\"><\/div><\/div><\/div><\/div><\/div><div class=\"quform-element-tree\"><label for=\"quform_6_0_dec6c2\">Bu alan bo\u015f b\u0131rak\u0131lmal\u0131d\u0131r<\/label><input type=\"text\" id=\"quform_6_0_dec6c2\" name=\"quform_6_0\" class=\"quform-field quform-field-tree quform-field-6_0\" tabindex=\"-1\" autocomplete=\"off\" \/><\/div><\/div><\/div><\/div><\/div><\/form><\/div>\n","protected":false},"excerpt":{"rendered":"Teklif AlAd\u0131n\u0131z Soyad\u0131n\u0131z*E-mail Adresiniz*Telefon Numaran\u0131zTeklif Almak \u0130stedi\u011finiz \u00dcr\u00fcn*NotunuzG\u00f6nderBu alan bo\u015f b\u0131rak\u0131lmal\u0131d\u0131r","protected":false},"author":1,"featured_media":0,"parent":0,"menu_order":0,"comment_status":"closed","ping_status":"closed","template":"","meta":{"footnotes":""},"class_list":["post-2659","page","type-page","status-publish","hentry"],"yoast_head":"<!-- This site is optimized with the Yoast SEO plugin v24.0 - https:\/\/yoast.com\/wordpress\/plugins\/seo\/ -->\n<title>Teklif Al &#8211; DEHAS\u00ae<\/title>\n<meta name=\"robots\" content=\"index, follow, max-snippet:-1, max-image-preview:large, max-video-preview:-1\" \/>\n<link rel=\"canonical\" href=\"https:\/\/www.dehas.com.tr\/insaat\/teklif-al\/\" \/>\n<meta property=\"og:locale\" content=\"tr_TR\" \/>\n<meta property=\"og:type\" content=\"article\" \/>\n<meta property=\"og:title\" content=\"Teklif Al &#8211; DEHAS\u00ae\" \/>\n<meta property=\"og:url\" content=\"https:\/\/www.dehas.com.tr\/insaat\/teklif-al\/\" \/>\n<meta property=\"og:site_name\" content=\"DEHAS\u00ae\" \/>\n<meta property=\"article:publisher\" content=\"https:\/\/www.facebook.com\/pages\/category\/Medical-Company\/Dehas-Medikal-Gaz-Teknik-Ltd-%c5%9eti-130664927073299\/\" \/>\n<meta name=\"twitter:card\" content=\"summary_large_image\" \/>\n<script type=\"application\/ld+json\" class=\"yoast-schema-graph\">{\"@context\":\"https:\/\/schema.org\",\"@graph\":[{\"@type\":\"WebPage\",\"@id\":\"https:\/\/www.dehas.com.tr\/insaat\/teklif-al\/\",\"url\":\"https:\/\/www.dehas.com.tr\/insaat\/teklif-al\/\",\"name\":\"Teklif Al &#8211; DEHAS\u00ae\",\"isPartOf\":{\"@id\":\"https:\/\/www.dehas.com.tr\/insaat\/#website\"},\"datePublished\":\"2020-10-13T11:44:29+00:00\",\"dateModified\":\"2020-10-13T11:44:29+00:00\",\"breadcrumb\":{\"@id\":\"https:\/\/www.dehas.com.tr\/insaat\/teklif-al\/#breadcrumb\"},\"inLanguage\":\"tr\",\"potentialAction\":[{\"@type\":\"ReadAction\",\"target\":[\"https:\/\/www.dehas.com.tr\/insaat\/teklif-al\/\"]}]},{\"@type\":\"BreadcrumbList\",\"@id\":\"https:\/\/www.dehas.com.tr\/insaat\/teklif-al\/#breadcrumb\",\"itemListElement\":[{\"@type\":\"ListItem\",\"position\":1,\"name\":\"Ana sayfa\",\"item\":\"https:\/\/www.dehas.com.tr\/insaat\/\"},{\"@type\":\"ListItem\",\"position\":2,\"name\":\"Teklif Al\"}]},{\"@type\":\"WebSite\",\"@id\":\"https:\/\/www.dehas.com.tr\/insaat\/#website\",\"url\":\"https:\/\/www.dehas.com.tr\/insaat\/\",\"name\":\"DEHAS\u00ae\",\"description\":\"\",\"publisher\":{\"@id\":\"https:\/\/www.dehas.com.tr\/insaat\/#organization\"},\"potentialAction\":[{\"@type\":\"SearchAction\",\"target\":{\"@type\":\"EntryPoint\",\"urlTemplate\":\"https:\/\/www.dehas.com.tr\/insaat\/?s={search_term_string}\"},\"query-input\":{\"@type\":\"PropertyValueSpecification\",\"valueRequired\":true,\"valueName\":\"search_term_string\"}}],\"inLanguage\":\"tr\"},{\"@type\":\"Organization\",\"@id\":\"https:\/\/www.dehas.com.tr\/insaat\/#organization\",\"name\":\"DEHAS\u00ae\",\"url\":\"https:\/\/www.dehas.com.tr\/insaat\/\",\"logo\":{\"@type\":\"ImageObject\",\"inLanguage\":\"tr\",\"@id\":\"https:\/\/www.dehas.com.tr\/insaat\/#\/schema\/logo\/image\/\",\"url\":\"https:\/\/www.dehas.com.tr\/wp-content\/uploads\/2020\/10\/logo.png\",\"contentUrl\":\"https:\/\/www.dehas.com.tr\/wp-content\/uploads\/2020\/10\/logo.png\",\"width\":200,\"height\":60,\"caption\":\"DEHAS\u00ae\"},\"image\":{\"@id\":\"https:\/\/www.dehas.com.tr\/insaat\/#\/schema\/logo\/image\/\"},\"sameAs\":[\"https:\/\/www.facebook.com\/pages\/category\/Medical-Company\/Dehas-Medikal-Gaz-Teknik-Ltd-\u015eti-130664927073299\/\",\"https:\/\/instagram.com\/dehas_medical\",\"https:\/\/www.linkedin.com\/company\/dehas-medikal\"]}]}<\/script>\n<!-- \/ Yoast SEO plugin. -->","yoast_head_json":{"title":"Teklif Al &#8211; DEHAS\u00ae","robots":{"index":"index","follow":"follow","max-snippet":"max-snippet:-1","max-image-preview":"max-image-preview:large","max-video-preview":"max-video-preview:-1"},"canonical":"https:\/\/www.dehas.com.tr\/insaat\/teklif-al\/","og_locale":"tr_TR","og_type":"article","og_title":"Teklif Al &#8211; DEHAS\u00ae","og_url":"https:\/\/www.dehas.com.tr\/insaat\/teklif-al\/","og_site_name":"DEHAS\u00ae","article_publisher":"https:\/\/www.facebook.com\/pages\/category\/Medical-Company\/Dehas-Medikal-Gaz-Teknik-Ltd-%c5%9eti-130664927073299\/","twitter_card":"summary_large_image","schema":{"@context":"https:\/\/schema.org","@graph":[{"@type":"WebPage","@id":"https:\/\/www.dehas.com.tr\/insaat\/teklif-al\/","url":"https:\/\/www.dehas.com.tr\/insaat\/teklif-al\/","name":"Teklif Al &#8211; DEHAS\u00ae","isPartOf":{"@id":"https:\/\/www.dehas.com.tr\/insaat\/#website"},"datePublished":"2020-10-13T11:44:29+00:00","dateModified":"2020-10-13T11:44:29+00:00","breadcrumb":{"@id":"https:\/\/www.dehas.com.tr\/insaat\/teklif-al\/#breadcrumb"},"inLanguage":"tr","potentialAction":[{"@type":"ReadAction","target":["https:\/\/www.dehas.com.tr\/insaat\/teklif-al\/"]}]},{"@type":"BreadcrumbList","@id":"https:\/\/www.dehas.com.tr\/insaat\/teklif-al\/#breadcrumb","itemListElement":[{"@type":"ListItem","position":1,"name":"Ana sayfa","item":"https:\/\/www.dehas.com.tr\/insaat\/"},{"@type":"ListItem","position":2,"name":"Teklif Al"}]},{"@type":"WebSite","@id":"https:\/\/www.dehas.com.tr\/insaat\/#website","url":"https:\/\/www.dehas.com.tr\/insaat\/","name":"DEHAS\u00ae","description":"","publisher":{"@id":"https:\/\/www.dehas.com.tr\/insaat\/#organization"},"potentialAction":[{"@type":"SearchAction","target":{"@type":"EntryPoint","urlTemplate":"https:\/\/www.dehas.com.tr\/insaat\/?s={search_term_string}"},"query-input":{"@type":"PropertyValueSpecification","valueRequired":true,"valueName":"search_term_string"}}],"inLanguage":"tr"},{"@type":"Organization","@id":"https:\/\/www.dehas.com.tr\/insaat\/#organization","name":"DEHAS\u00ae","url":"https:\/\/www.dehas.com.tr\/insaat\/","logo":{"@type":"ImageObject","inLanguage":"tr","@id":"https:\/\/www.dehas.com.tr\/insaat\/#\/schema\/logo\/image\/","url":"https:\/\/www.dehas.com.tr\/wp-content\/uploads\/2020\/10\/logo.png","contentUrl":"https:\/\/www.dehas.com.tr\/wp-content\/uploads\/2020\/10\/logo.png","width":200,"height":60,"caption":"DEHAS\u00ae"},"image":{"@id":"https:\/\/www.dehas.com.tr\/insaat\/#\/schema\/logo\/image\/"},"sameAs":["https:\/\/www.facebook.com\/pages\/category\/Medical-Company\/Dehas-Medikal-Gaz-Teknik-Ltd-\u015eti-130664927073299\/","https:\/\/instagram.com\/dehas_medical","https:\/\/www.linkedin.com\/company\/dehas-medikal"]}]}},"_links":{"self":[{"href":"https:\/\/www.dehas.com.tr\/insaat\/wp-json\/wp\/v2\/pages\/2659","targetHints":{"allow":["GET"]}}],"collection":[{"href":"https:\/\/www.dehas.com.tr\/insaat\/wp-json\/wp\/v2\/pages"}],"about":[{"href":"https:\/\/www.dehas.com.tr\/insaat\/wp-json\/wp\/v2\/types\/page"}],"author":[{"embeddable":true,"href":"https:\/\/www.dehas.com.tr\/insaat\/wp-json\/wp\/v2\/users\/1"}],"replies":[{"embeddable":true,"href":"https:\/\/www.dehas.com.tr\/insaat\/wp-json\/wp\/v2\/comments?post=2659"}],"version-history":[{"count":0,"href":"https:\/\/www.dehas.com.tr\/insaat\/wp-json\/wp\/v2\/pages\/2659\/revisions"}],"wp:attachment":[{"href":"https:\/\/www.dehas.com.tr\/insaat\/wp-json\/wp\/v2\/media?parent=2659"}],"curies":[{"name":"wp","href":"https:\/\/api.w.org\/{rel}","templated":true}]}}