{"id":2481,"date":"2020-10-08T20:50:14","date_gmt":"2020-10-08T17:50:14","guid":{"rendered":"https:\/\/www.dehas.com.tr\/?page_id=2481"},"modified":"2021-10-07T22:50:55","modified_gmt":"2021-10-07T19:50:55","slug":"kalite-yonetimi","status":"publish","type":"page","link":"https:\/\/www.dehas.com.tr\/insaat\/kalite-yonetimi\/","title":{"rendered":"Kalite Y\u00f6netimi"},"content":{"rendered":"<h3>Kalite Y\u00f6netimi<\/h3>\n<p style=\"text-align: justify;\"><span style=\"font-size: 12pt;\">\u015eirketimiz kalite y\u00f6netimi sistemi konusunda 2005 y\u0131l\u0131nda yap\u0131lanmas\u0131n\u0131 tamamlam\u0131\u015f olup, ulusal ve uluslararas\u0131 standartlara uygun bir \u015fekilde h\u0131z kesmeden hizmet vermeye devam etmektedir. <strong>ISO 9001:2015<\/strong> <strong>Kalite Y\u00f6netim Sistemi<\/strong> ile kalite anlay\u0131\u015f\u0131ndan \u00f6d\u00fcn vermeyerek m\u00fc\u015fteri memnuniyetini esas almaktad\u0131r.<\/span><\/p>\n<p>&nbsp;<\/p>\n<h3><span style=\"color: #000000;\">Ara\u015ft\u0131rma &amp; Geli\u015ftirme<\/span><\/h3>\n<p style=\"text-align: justify;\"><span style=\"font-size: 12pt; color: #000000;\">Yapt\u0131\u011f\u0131m\u0131z i\u015fte, \u00e7evre ve do\u011fay\u0131 korumak amac\u0131 ile s\u00fcrd\u00fcr\u00fclebilir teknikler ile \u00e7al\u0131\u015fmalar\u0131m\u0131za devam ediyoruz.<\/span><\/p>\n","protected":false},"excerpt":{"rendered":"<p>Kalite Y\u00f6netimi \u015eirketimiz kalite y\u00f6netimi sistemi konusunda 2005 y\u0131l\u0131nda yap\u0131lanmas\u0131n\u0131 tamamlam\u0131\u015f olup, ulusal ve uluslararas\u0131 standartlara uygun bir \u015fekilde h\u0131z kesmeden hizmet vermeye devam etmektedir. ISO<span class=\"excerpt-hellip\"> [\u2026]<\/span><\/p>\n","protected":false},"author":1,"featured_media":0,"parent":0,"menu_order":0,"comment_status":"closed","ping_status":"closed","template":"","meta":{"footnotes":""},"class_list":["post-2481","page","type-page","status-publish","hentry"],"yoast_head":"<!-- This site is optimized with the Yoast SEO plugin v24.0 - https:\/\/yoast.com\/wordpress\/plugins\/seo\/ -->\n<title>Kalite Y\u00f6netimi &#8211; DEHAS\u00ae<\/title>\n<meta name=\"description\" content=\"Kalite Y\u00f6netimi \u015eirketimiz kalite y\u00f6netimi sistemi konusunda 2005 y\u0131l\u0131nda yap\u0131lanmas\u0131n\u0131 tamamlam\u0131\u015f olup, ulusal ve uluslararas\u0131 standartlara uygun bir\" \/>\n<meta name=\"robots\" content=\"index, follow, max-snippet:-1, max-image-preview:large, max-video-preview:-1\" \/>\n<link rel=\"canonical\" href=\"https:\/\/www.dehas.com.tr\/insaat\/kalite-yonetimi\/\" \/>\n<meta property=\"og:locale\" content=\"tr_TR\" \/>\n<meta property=\"og:type\" content=\"article\" \/>\n<meta property=\"og:title\" content=\"Kalite Y\u00f6netimi &#8211; DEHAS\u00ae\" \/>\n<meta property=\"og:description\" content=\"Kalite Y\u00f6netimi \u015eirketimiz kalite y\u00f6netimi sistemi konusunda 2005 y\u0131l\u0131nda yap\u0131lanmas\u0131n\u0131 tamamlam\u0131\u015f olup, ulusal ve uluslararas\u0131 standartlara uygun bir\" \/>\n<meta property=\"og:url\" content=\"https:\/\/www.dehas.com.tr\/insaat\/kalite-yonetimi\/\" \/>\n<meta property=\"og:site_name\" content=\"DEHAS\u00ae\" \/>\n<meta property=\"article:publisher\" content=\"https:\/\/www.facebook.com\/pages\/category\/Medical-Company\/Dehas-Medikal-Gaz-Teknik-Ltd-%c5%9eti-130664927073299\/\" \/>\n<meta property=\"article:modified_time\" content=\"2021-10-07T19:50:55+00:00\" \/>\n<meta name=\"twitter:card\" content=\"summary_large_image\" \/>\n<meta name=\"twitter:label1\" content=\"Tahmini okuma s\u00fcresi\" \/>\n\t<meta name=\"twitter:data1\" content=\"1 dakika\" \/>\n<script type=\"application\/ld+json\" class=\"yoast-schema-graph\">{\"@context\":\"https:\/\/schema.org\",\"@graph\":[{\"@type\":\"WebPage\",\"@id\":\"https:\/\/www.dehas.com.tr\/insaat\/kalite-yonetimi\/\",\"url\":\"https:\/\/www.dehas.com.tr\/insaat\/kalite-yonetimi\/\",\"name\":\"Kalite Y\u00f6netimi &#8211; DEHAS\u00ae\",\"isPartOf\":{\"@id\":\"https:\/\/www.dehas.com.tr\/insaat\/#website\"},\"datePublished\":\"2020-10-08T17:50:14+00:00\",\"dateModified\":\"2021-10-07T19:50:55+00:00\",\"description\":\"Kalite Y\u00f6netimi \u015eirketimiz kalite y\u00f6netimi sistemi konusunda 2005 y\u0131l\u0131nda yap\u0131lanmas\u0131n\u0131 tamamlam\u0131\u015f olup, ulusal ve uluslararas\u0131 standartlara uygun bir\",\"breadcrumb\":{\"@id\":\"https:\/\/www.dehas.com.tr\/insaat\/kalite-yonetimi\/#breadcrumb\"},\"inLanguage\":\"tr\",\"potentialAction\":[{\"@type\":\"ReadAction\",\"target\":[\"https:\/\/www.dehas.com.tr\/insaat\/kalite-yonetimi\/\"]}]},{\"@type\":\"BreadcrumbList\",\"@id\":\"https:\/\/www.dehas.com.tr\/insaat\/kalite-yonetimi\/#breadcrumb\",\"itemListElement\":[{\"@type\":\"ListItem\",\"position\":1,\"name\":\"Ana sayfa\",\"item\":\"https:\/\/www.dehas.com.tr\/insaat\/\"},{\"@type\":\"ListItem\",\"position\":2,\"name\":\"Kalite Y\u00f6netimi\"}]},{\"@type\":\"WebSite\",\"@id\":\"https:\/\/www.dehas.com.tr\/insaat\/#website\",\"url\":\"https:\/\/www.dehas.com.tr\/insaat\/\",\"name\":\"DEHAS\u00ae\",\"description\":\"\",\"publisher\":{\"@id\":\"https:\/\/www.dehas.com.tr\/insaat\/#organization\"},\"potentialAction\":[{\"@type\":\"SearchAction\",\"target\":{\"@type\":\"EntryPoint\",\"urlTemplate\":\"https:\/\/www.dehas.com.tr\/insaat\/?s={search_term_string}\"},\"query-input\":{\"@type\":\"PropertyValueSpecification\",\"valueRequired\":true,\"valueName\":\"search_term_string\"}}],\"inLanguage\":\"tr\"},{\"@type\":\"Organization\",\"@id\":\"https:\/\/www.dehas.com.tr\/insaat\/#organization\",\"name\":\"DEHAS\u00ae\",\"url\":\"https:\/\/www.dehas.com.tr\/insaat\/\",\"logo\":{\"@type\":\"ImageObject\",\"inLanguage\":\"tr\",\"@id\":\"https:\/\/www.dehas.com.tr\/insaat\/#\/schema\/logo\/image\/\",\"url\":\"https:\/\/www.dehas.com.tr\/wp-content\/uploads\/2020\/10\/logo.png\",\"contentUrl\":\"https:\/\/www.dehas.com.tr\/wp-content\/uploads\/2020\/10\/logo.png\",\"width\":200,\"height\":60,\"caption\":\"DEHAS\u00ae\"},\"image\":{\"@id\":\"https:\/\/www.dehas.com.tr\/insaat\/#\/schema\/logo\/image\/\"},\"sameAs\":[\"https:\/\/www.facebook.com\/pages\/category\/Medical-Company\/Dehas-Medikal-Gaz-Teknik-Ltd-\u015eti-130664927073299\/\",\"https:\/\/instagram.com\/dehas_medical\",\"https:\/\/www.linkedin.com\/company\/dehas-medikal\"]}]}<\/script>\n<!-- \/ Yoast SEO plugin. -->","yoast_head_json":{"title":"Kalite Y\u00f6netimi &#8211; DEHAS\u00ae","description":"Kalite Y\u00f6netimi \u015eirketimiz kalite y\u00f6netimi sistemi konusunda 2005 y\u0131l\u0131nda yap\u0131lanmas\u0131n\u0131 tamamlam\u0131\u015f olup, ulusal ve uluslararas\u0131 standartlara uygun bir","robots":{"index":"index","follow":"follow","max-snippet":"max-snippet:-1","max-image-preview":"max-image-preview:large","max-video-preview":"max-video-preview:-1"},"canonical":"https:\/\/www.dehas.com.tr\/insaat\/kalite-yonetimi\/","og_locale":"tr_TR","og_type":"article","og_title":"Kalite Y\u00f6netimi &#8211; DEHAS\u00ae","og_description":"Kalite Y\u00f6netimi \u015eirketimiz kalite y\u00f6netimi sistemi konusunda 2005 y\u0131l\u0131nda yap\u0131lanmas\u0131n\u0131 tamamlam\u0131\u015f olup, ulusal ve uluslararas\u0131 standartlara uygun bir","og_url":"https:\/\/www.dehas.com.tr\/insaat\/kalite-yonetimi\/","og_site_name":"DEHAS\u00ae","article_publisher":"https:\/\/www.facebook.com\/pages\/category\/Medical-Company\/Dehas-Medikal-Gaz-Teknik-Ltd-%c5%9eti-130664927073299\/","article_modified_time":"2021-10-07T19:50:55+00:00","twitter_card":"summary_large_image","twitter_misc":{"Tahmini okuma s\u00fcresi":"1 dakika"},"schema":{"@context":"https:\/\/schema.org","@graph":[{"@type":"WebPage","@id":"https:\/\/www.dehas.com.tr\/insaat\/kalite-yonetimi\/","url":"https:\/\/www.dehas.com.tr\/insaat\/kalite-yonetimi\/","name":"Kalite Y\u00f6netimi &#8211; DEHAS\u00ae","isPartOf":{"@id":"https:\/\/www.dehas.com.tr\/insaat\/#website"},"datePublished":"2020-10-08T17:50:14+00:00","dateModified":"2021-10-07T19:50:55+00:00","description":"Kalite Y\u00f6netimi \u015eirketimiz kalite y\u00f6netimi sistemi konusunda 2005 y\u0131l\u0131nda yap\u0131lanmas\u0131n\u0131 tamamlam\u0131\u015f olup, ulusal ve uluslararas\u0131 standartlara uygun bir","breadcrumb":{"@id":"https:\/\/www.dehas.com.tr\/insaat\/kalite-yonetimi\/#breadcrumb"},"inLanguage":"tr","potentialAction":[{"@type":"ReadAction","target":["https:\/\/www.dehas.com.tr\/insaat\/kalite-yonetimi\/"]}]},{"@type":"BreadcrumbList","@id":"https:\/\/www.dehas.com.tr\/insaat\/kalite-yonetimi\/#breadcrumb","itemListElement":[{"@type":"ListItem","position":1,"name":"Ana sayfa","item":"https:\/\/www.dehas.com.tr\/insaat\/"},{"@type":"ListItem","position":2,"name":"Kalite Y\u00f6netimi"}]},{"@type":"WebSite","@id":"https:\/\/www.dehas.com.tr\/insaat\/#website","url":"https:\/\/www.dehas.com.tr\/insaat\/","name":"DEHAS\u00ae","description":"","publisher":{"@id":"https:\/\/www.dehas.com.tr\/insaat\/#organization"},"potentialAction":[{"@type":"SearchAction","target":{"@type":"EntryPoint","urlTemplate":"https:\/\/www.dehas.com.tr\/insaat\/?s={search_term_string}"},"query-input":{"@type":"PropertyValueSpecification","valueRequired":true,"valueName":"search_term_string"}}],"inLanguage":"tr"},{"@type":"Organization","@id":"https:\/\/www.dehas.com.tr\/insaat\/#organization","name":"DEHAS\u00ae","url":"https:\/\/www.dehas.com.tr\/insaat\/","logo":{"@type":"ImageObject","inLanguage":"tr","@id":"https:\/\/www.dehas.com.tr\/insaat\/#\/schema\/logo\/image\/","url":"https:\/\/www.dehas.com.tr\/wp-content\/uploads\/2020\/10\/logo.png","contentUrl":"https:\/\/www.dehas.com.tr\/wp-content\/uploads\/2020\/10\/logo.png","width":200,"height":60,"caption":"DEHAS\u00ae"},"image":{"@id":"https:\/\/www.dehas.com.tr\/insaat\/#\/schema\/logo\/image\/"},"sameAs":["https:\/\/www.facebook.com\/pages\/category\/Medical-Company\/Dehas-Medikal-Gaz-Teknik-Ltd-\u015eti-130664927073299\/","https:\/\/instagram.com\/dehas_medical","https:\/\/www.linkedin.com\/company\/dehas-medikal"]}]}},"_links":{"self":[{"href":"https:\/\/www.dehas.com.tr\/insaat\/wp-json\/wp\/v2\/pages\/2481","targetHints":{"allow":["GET"]}}],"collection":[{"href":"https:\/\/www.dehas.com.tr\/insaat\/wp-json\/wp\/v2\/pages"}],"about":[{"href":"https:\/\/www.dehas.com.tr\/insaat\/wp-json\/wp\/v2\/types\/page"}],"author":[{"embeddable":true,"href":"https:\/\/www.dehas.com.tr\/insaat\/wp-json\/wp\/v2\/users\/1"}],"replies":[{"embeddable":true,"href":"https:\/\/www.dehas.com.tr\/insaat\/wp-json\/wp\/v2\/comments?post=2481"}],"version-history":[{"count":3,"href":"https:\/\/www.dehas.com.tr\/insaat\/wp-json\/wp\/v2\/pages\/2481\/revisions"}],"predecessor-version":[{"id":3420,"href":"https:\/\/www.dehas.com.tr\/insaat\/wp-json\/wp\/v2\/pages\/2481\/revisions\/3420"}],"wp:attachment":[{"href":"https:\/\/www.dehas.com.tr\/insaat\/wp-json\/wp\/v2\/media?parent=2481"}],"curies":[{"name":"wp","href":"https:\/\/api.w.org\/{rel}","templated":true}]}}