{"id":2402,"date":"2020-10-07T11:55:30","date_gmt":"2020-10-07T08:55:30","guid":{"rendered":"https:\/\/www.dehas.com.tr\/?page_id=2402"},"modified":"2020-11-03T15:55:55","modified_gmt":"2020-11-03T12:55:55","slug":"projeler","status":"publish","type":"page","link":"https:\/\/www.dehas.com.tr\/insaat\/projeler\/","title":{"rendered":"Projeler"},"content":{"rendered":"","protected":false},"excerpt":{"rendered":"","protected":false},"author":1,"featured_media":0,"parent":0,"menu_order":0,"comment_status":"closed","ping_status":"closed","template":"template-portfolio.php","meta":{"footnotes":""},"class_list":["post-2402","page","type-page","status-publish","hentry"],"yoast_head":"<!-- This site is optimized with the Yoast SEO plugin v24.0 - https:\/\/yoast.com\/wordpress\/plugins\/seo\/ -->\n<title>Projeler &#8211; DEHAS\u00ae<\/title>\n<meta name=\"description\" content=\"DEHAS olarak s\u00fcrd\u00fcrd\u00fc\u011f\u00fcm\u00fcz ve tamamlad\u0131\u011f\u0131m\u0131z t\u00fcm projeler hakk\u0131nda bilgi alabilir, yeni bir projede \u00e7al\u0131\u015fmak isterseniz bize ula\u015fabilirsiniz.\" \/>\n<meta name=\"robots\" content=\"index, follow, max-snippet:-1, max-image-preview:large, max-video-preview:-1\" \/>\n<link rel=\"canonical\" href=\"https:\/\/www.dehas.com.tr\/insaat\/projeler\/\" \/>\n<meta property=\"og:locale\" content=\"tr_TR\" \/>\n<meta property=\"og:type\" content=\"article\" \/>\n<meta property=\"og:title\" content=\"Projeler &#8211; DEHAS\u00ae\" \/>\n<meta property=\"og:description\" content=\"DEHAS olarak s\u00fcrd\u00fcrd\u00fc\u011f\u00fcm\u00fcz ve tamamlad\u0131\u011f\u0131m\u0131z t\u00fcm projeler hakk\u0131nda bilgi alabilir, yeni bir projede \u00e7al\u0131\u015fmak isterseniz bize ula\u015fabilirsiniz.\" \/>\n<meta property=\"og:url\" content=\"https:\/\/www.dehas.com.tr\/insaat\/projeler\/\" \/>\n<meta property=\"og:site_name\" content=\"DEHAS\u00ae\" \/>\n<meta property=\"article:publisher\" content=\"https:\/\/www.facebook.com\/pages\/category\/Medical-Company\/Dehas-Medikal-Gaz-Teknik-Ltd-%c5%9eti-130664927073299\/\" \/>\n<meta property=\"article:modified_time\" content=\"2020-11-03T12:55:55+00:00\" \/>\n<meta name=\"twitter:card\" content=\"summary_large_image\" \/>\n<script type=\"application\/ld+json\" class=\"yoast-schema-graph\">{\"@context\":\"https:\/\/schema.org\",\"@graph\":[{\"@type\":\"WebPage\",\"@id\":\"https:\/\/www.dehas.com.tr\/insaat\/projeler\/\",\"url\":\"https:\/\/www.dehas.com.tr\/insaat\/projeler\/\",\"name\":\"Projeler &#8211; DEHAS\u00ae\",\"isPartOf\":{\"@id\":\"https:\/\/www.dehas.com.tr\/insaat\/#website\"},\"datePublished\":\"2020-10-07T08:55:30+00:00\",\"dateModified\":\"2020-11-03T12:55:55+00:00\",\"description\":\"DEHAS olarak s\u00fcrd\u00fcrd\u00fc\u011f\u00fcm\u00fcz ve tamamlad\u0131\u011f\u0131m\u0131z t\u00fcm projeler hakk\u0131nda bilgi alabilir, yeni bir projede \u00e7al\u0131\u015fmak isterseniz bize ula\u015fabilirsiniz.\",\"breadcrumb\":{\"@id\":\"https:\/\/www.dehas.com.tr\/insaat\/projeler\/#breadcrumb\"},\"inLanguage\":\"tr\",\"potentialAction\":[{\"@type\":\"ReadAction\",\"target\":[\"https:\/\/www.dehas.com.tr\/insaat\/projeler\/\"]}]},{\"@type\":\"BreadcrumbList\",\"@id\":\"https:\/\/www.dehas.com.tr\/insaat\/projeler\/#breadcrumb\",\"itemListElement\":[{\"@type\":\"ListItem\",\"position\":1,\"name\":\"Ana sayfa\",\"item\":\"https:\/\/www.dehas.com.tr\/insaat\/\"},{\"@type\":\"ListItem\",\"position\":2,\"name\":\"Projeler\"}]},{\"@type\":\"WebSite\",\"@id\":\"https:\/\/www.dehas.com.tr\/insaat\/#website\",\"url\":\"https:\/\/www.dehas.com.tr\/insaat\/\",\"name\":\"DEHAS\u00ae\",\"description\":\"\",\"publisher\":{\"@id\":\"https:\/\/www.dehas.com.tr\/insaat\/#organization\"},\"potentialAction\":[{\"@type\":\"SearchAction\",\"target\":{\"@type\":\"EntryPoint\",\"urlTemplate\":\"https:\/\/www.dehas.com.tr\/insaat\/?s={search_term_string}\"},\"query-input\":{\"@type\":\"PropertyValueSpecification\",\"valueRequired\":true,\"valueName\":\"search_term_string\"}}],\"inLanguage\":\"tr\"},{\"@type\":\"Organization\",\"@id\":\"https:\/\/www.dehas.com.tr\/insaat\/#organization\",\"name\":\"DEHAS\u00ae\",\"url\":\"https:\/\/www.dehas.com.tr\/insaat\/\",\"logo\":{\"@type\":\"ImageObject\",\"inLanguage\":\"tr\",\"@id\":\"https:\/\/www.dehas.com.tr\/insaat\/#\/schema\/logo\/image\/\",\"url\":\"https:\/\/www.dehas.com.tr\/wp-content\/uploads\/2020\/10\/logo.png\",\"contentUrl\":\"https:\/\/www.dehas.com.tr\/wp-content\/uploads\/2020\/10\/logo.png\",\"width\":200,\"height\":60,\"caption\":\"DEHAS\u00ae\"},\"image\":{\"@id\":\"https:\/\/www.dehas.com.tr\/insaat\/#\/schema\/logo\/image\/\"},\"sameAs\":[\"https:\/\/www.facebook.com\/pages\/category\/Medical-Company\/Dehas-Medikal-Gaz-Teknik-Ltd-\u015eti-130664927073299\/\",\"https:\/\/instagram.com\/dehas_medical\",\"https:\/\/www.linkedin.com\/company\/dehas-medikal\"]}]}<\/script>\n<!-- \/ Yoast SEO plugin. -->","yoast_head_json":{"title":"Projeler &#8211; DEHAS\u00ae","description":"DEHAS olarak s\u00fcrd\u00fcrd\u00fc\u011f\u00fcm\u00fcz ve tamamlad\u0131\u011f\u0131m\u0131z t\u00fcm projeler hakk\u0131nda bilgi alabilir, yeni bir projede \u00e7al\u0131\u015fmak isterseniz bize ula\u015fabilirsiniz.","robots":{"index":"index","follow":"follow","max-snippet":"max-snippet:-1","max-image-preview":"max-image-preview:large","max-video-preview":"max-video-preview:-1"},"canonical":"https:\/\/www.dehas.com.tr\/insaat\/projeler\/","og_locale":"tr_TR","og_type":"article","og_title":"Projeler &#8211; DEHAS\u00ae","og_description":"DEHAS olarak s\u00fcrd\u00fcrd\u00fc\u011f\u00fcm\u00fcz ve tamamlad\u0131\u011f\u0131m\u0131z t\u00fcm projeler hakk\u0131nda bilgi alabilir, yeni bir projede \u00e7al\u0131\u015fmak isterseniz bize ula\u015fabilirsiniz.","og_url":"https:\/\/www.dehas.com.tr\/insaat\/projeler\/","og_site_name":"DEHAS\u00ae","article_publisher":"https:\/\/www.facebook.com\/pages\/category\/Medical-Company\/Dehas-Medikal-Gaz-Teknik-Ltd-%c5%9eti-130664927073299\/","article_modified_time":"2020-11-03T12:55:55+00:00","twitter_card":"summary_large_image","schema":{"@context":"https:\/\/schema.org","@graph":[{"@type":"WebPage","@id":"https:\/\/www.dehas.com.tr\/insaat\/projeler\/","url":"https:\/\/www.dehas.com.tr\/insaat\/projeler\/","name":"Projeler &#8211; DEHAS\u00ae","isPartOf":{"@id":"https:\/\/www.dehas.com.tr\/insaat\/#website"},"datePublished":"2020-10-07T08:55:30+00:00","dateModified":"2020-11-03T12:55:55+00:00","description":"DEHAS olarak s\u00fcrd\u00fcrd\u00fc\u011f\u00fcm\u00fcz ve tamamlad\u0131\u011f\u0131m\u0131z t\u00fcm projeler hakk\u0131nda bilgi alabilir, yeni bir projede \u00e7al\u0131\u015fmak isterseniz bize ula\u015fabilirsiniz.","breadcrumb":{"@id":"https:\/\/www.dehas.com.tr\/insaat\/projeler\/#breadcrumb"},"inLanguage":"tr","potentialAction":[{"@type":"ReadAction","target":["https:\/\/www.dehas.com.tr\/insaat\/projeler\/"]}]},{"@type":"BreadcrumbList","@id":"https:\/\/www.dehas.com.tr\/insaat\/projeler\/#breadcrumb","itemListElement":[{"@type":"ListItem","position":1,"name":"Ana sayfa","item":"https:\/\/www.dehas.com.tr\/insaat\/"},{"@type":"ListItem","position":2,"name":"Projeler"}]},{"@type":"WebSite","@id":"https:\/\/www.dehas.com.tr\/insaat\/#website","url":"https:\/\/www.dehas.com.tr\/insaat\/","name":"DEHAS\u00ae","description":"","publisher":{"@id":"https:\/\/www.dehas.com.tr\/insaat\/#organization"},"potentialAction":[{"@type":"SearchAction","target":{"@type":"EntryPoint","urlTemplate":"https:\/\/www.dehas.com.tr\/insaat\/?s={search_term_string}"},"query-input":{"@type":"PropertyValueSpecification","valueRequired":true,"valueName":"search_term_string"}}],"inLanguage":"tr"},{"@type":"Organization","@id":"https:\/\/www.dehas.com.tr\/insaat\/#organization","name":"DEHAS\u00ae","url":"https:\/\/www.dehas.com.tr\/insaat\/","logo":{"@type":"ImageObject","inLanguage":"tr","@id":"https:\/\/www.dehas.com.tr\/insaat\/#\/schema\/logo\/image\/","url":"https:\/\/www.dehas.com.tr\/wp-content\/uploads\/2020\/10\/logo.png","contentUrl":"https:\/\/www.dehas.com.tr\/wp-content\/uploads\/2020\/10\/logo.png","width":200,"height":60,"caption":"DEHAS\u00ae"},"image":{"@id":"https:\/\/www.dehas.com.tr\/insaat\/#\/schema\/logo\/image\/"},"sameAs":["https:\/\/www.facebook.com\/pages\/category\/Medical-Company\/Dehas-Medikal-Gaz-Teknik-Ltd-\u015eti-130664927073299\/","https:\/\/instagram.com\/dehas_medical","https:\/\/www.linkedin.com\/company\/dehas-medikal"]}]}},"_links":{"self":[{"href":"https:\/\/www.dehas.com.tr\/insaat\/wp-json\/wp\/v2\/pages\/2402","targetHints":{"allow":["GET"]}}],"collection":[{"href":"https:\/\/www.dehas.com.tr\/insaat\/wp-json\/wp\/v2\/pages"}],"about":[{"href":"https:\/\/www.dehas.com.tr\/insaat\/wp-json\/wp\/v2\/types\/page"}],"author":[{"embeddable":true,"href":"https:\/\/www.dehas.com.tr\/insaat\/wp-json\/wp\/v2\/users\/1"}],"replies":[{"embeddable":true,"href":"https:\/\/www.dehas.com.tr\/insaat\/wp-json\/wp\/v2\/comments?post=2402"}],"version-history":[{"count":1,"href":"https:\/\/www.dehas.com.tr\/insaat\/wp-json\/wp\/v2\/pages\/2402\/revisions"}],"predecessor-version":[{"id":3253,"href":"https:\/\/www.dehas.com.tr\/insaat\/wp-json\/wp\/v2\/pages\/2402\/revisions\/3253"}],"wp:attachment":[{"href":"https:\/\/www.dehas.com.tr\/insaat\/wp-json\/wp\/v2\/media?parent=2402"}],"curies":[{"name":"wp","href":"https:\/\/api.w.org\/{rel}","templated":true}]}}